{"id":69,"date":"2010-05-31T11:38:24","date_gmt":"2010-05-31T09:38:24","guid":{"rendered":"https:\/\/smaskolan.se\/?page_id=69"},"modified":"2020-12-17T15:41:19","modified_gmt":"2020-12-17T14:41:19","slug":"liten-skola-stor-trygghet","status":"publish","type":"page","link":"https:\/\/smaskolan.se\/?page_id=69","title":{"rendered":"Mindre skola &#8211; stor trygghet"},"content":{"rendered":"<p>Om du k\u00e4nner alla \u00e4r det l\u00e4ttare att bli trygg. D\u00e4rf\u00f6r vill Sm\u00e5skolan vara liten. En del huvudm\u00e4n vill g\u00f6ra stora skolenheter med m\u00e5nga klasser i samma skola. Numera \u00e4r det ocks\u00e5 m\u00e5nga skolhuvudm\u00e4n som har mycket stora klasser. Vi vill g\u00f6ra tv\u00e4rt om &#8211; med sm\u00e5 skolor och mindre klasser, d\u00e4r alla k\u00e4nner alla, kan lugnet r\u00e5da och elever b\u00e5de m\u00e5 gott och prestera bra.<\/p>\n<p><em>Vad g\u00f6r det f\u00f6r skillnad att t\u00e4nka p\u00e5 detta s\u00e4tt?<\/em><\/p>\n<p>L\u00e5t oss ge n\u00e5gra exempel.<\/p>\n<p>Sedan 2011 \u00e4r Skollagen mycket tydlig med att studiero ska r\u00e5da. P\u00e5 v\u00e5ra skolor f\u00f6rs\u00f6ker vi anv\u00e4nda ordet studiefokus ist\u00e4llet, d\u00e5 studiero ibland av n\u00e5gra uttolkat som att det ska vara kn\u00e4pptyst och eleverna ska sitta i sn\u00f6rr\u00e4ta rader. Vi m\u00e5nar om att eleverna ska vara fokuserade p\u00e5 sin arbetsplats, skolan, att man jobbar p\u00e5 n\u00e4r man \u00e4r i skolan f\u00f6r att l\u00e4ra sig s\u00e5 mycket som man kan. Detta inneb\u00e4r ocks\u00e5 att ge varandra ro vid olika delar av skoldagen. Vi \u00e4r glada f\u00f6r att vi p\u00e5 v\u00e5ra skolor, Sm\u00e5skolan (F-2) och Eraskolan (3-6) har elever som visar varandra h\u00e4nsyn och som d\u00e4rf\u00f6r l\u00e5ter alla olika elever lyckas b\u00e4ttre med sin kunskapsutveckling.<\/p>\n<p>Ytterligare ett exempel \u00e4r v\u00e5rt intensiva arbete f\u00f6r att skapa en trygg skolvardag f\u00f6r <em>alla<\/em> elever. Om du k\u00e4nner dig trygg finns m\u00f6jligheten att kunskapsutvecklingen g\u00e5r b\u00e4ttre. Vi har under \u00e5ren arbetat intensivt f\u00f6r att elever ska visa varandra h\u00e4nsyn och ha ett trevligt s\u00e4tt som vi bem\u00f6ter varandra p\u00e5. P\u00e5 Sm\u00e5skolan &amp; Eraskolan har vi framg\u00e5ngsrikt arbetat med antimobbningsarbete f\u00f6r att skapa en skolvardag utan trakasserier och utsatthet. Detta har g\u00e5tt s\u00e5 bra att vi har elever som ger oss omd\u00f6met &#8221;<em>P\u00e5 v\u00e5r skola finns inte mobbning<\/em>&#8221;. Ett m\u00e5linriktat arbete bland l\u00e4rare, elever och f\u00f6r\u00e4ldrar g\u00f6r att vi idag har en skolmilj\u00f6 d\u00e4r olikhet ryms och h\u00e4nsyn visas. En bra skolvardag grundar sig i ett samf\u00f6rst\u00e5nd och samarbete d\u00e4r vi s\u00e4rskilt lyfter fram vikten av f\u00f6r\u00e4ldrarollen och dess ansvar att bidra f\u00f6r att skolan ska f\u00e5 vara en bra plats att vara p\u00e5. Vi \u00e4r mycket stolta \u00f6ver att Skolinspektionens Skolenk\u00e4t 2019 pekar p\u00e5 att Sm\u00e5skolan &amp; Eraskolan \u00e4r mycket framg\u00e5ngsrika med detta arbete.<\/p>\n<p><center><br \/>\n<a href=\"https:\/\/smaskolan.se\/wp-content\/uploads\/2010\/04\/Leende-440-2051.jpg\"><img loading=\"lazy\" decoding=\"async\" class=\"alignnone size-medium wp-image-1198\" src=\"https:\/\/smaskolan.se\/wp-content\/uploads\/2014\/08\/Fritids-upp-o-ned-lek-kompr-300x225.jpg\" alt=\"Fritids upp o ned lek - kompr\" width=\"300\" height=\"225\" srcset=\"https:\/\/smaskolan.se\/wp-content\/uploads\/2014\/08\/Fritids-upp-o-ned-lek-kompr-300x225.jpg 300w, https:\/\/smaskolan.se\/wp-content\/uploads\/2014\/08\/Fritids-upp-o-ned-lek-kompr-1024x768.jpg 1024w\" sizes=\"auto, (max-width: 300px) 100vw, 300px\" \/><\/a><\/center><\/p>\n","protected":false},"excerpt":{"rendered":"<p>Om du k\u00e4nner alla \u00e4r det l\u00e4ttare att bli trygg. D\u00e4rf\u00f6r vill Sm\u00e5skolan vara liten. En del huvudm\u00e4n vill g\u00f6ra stora skolenheter med m\u00e5nga klasser i samma skola. Numera \u00e4r det ocks\u00e5 m\u00e5nga skolhuvudm\u00e4n som har mycket stora klasser. Vi vill g\u00f6ra tv\u00e4rt om &#8211; med sm\u00e5 skolor och mindre klasser, d\u00e4r alla k\u00e4nner alla,&#8230;<\/p>\n","protected":false},"author":1,"featured_media":0,"parent":61,"menu_order":2,"comment_status":"closed","ping_status":"closed","template":"","meta":{"_monsterinsights_skip_tracking":false,"_monsterinsights_sitenote_active":false,"_monsterinsights_sitenote_note":"","_monsterinsights_sitenote_category":0,"_kad_post_transparent":"","_kad_post_title":"","_kad_post_layout":"","_kad_post_sidebar_id":"","_kad_post_content_style":"","_kad_post_vertical_padding":"","_kad_post_feature":"","_kad_post_feature_position":"","_kad_post_header":false,"_kad_post_footer":false,"footnotes":""},"class_list":["post-69","page","type-page","status-publish","hentry"],"_links":{"self":[{"href":"https:\/\/smaskolan.se\/index.php?rest_route=\/wp\/v2\/pages\/69","targetHints":{"allow":["GET"]}}],"collection":[{"href":"https:\/\/smaskolan.se\/index.php?rest_route=\/wp\/v2\/pages"}],"about":[{"href":"https:\/\/smaskolan.se\/index.php?rest_route=\/wp\/v2\/types\/page"}],"author":[{"embeddable":true,"href":"https:\/\/smaskolan.se\/index.php?rest_route=\/wp\/v2\/users\/1"}],"replies":[{"embeddable":true,"href":"https:\/\/smaskolan.se\/index.php?rest_route=%2Fwp%2Fv2%2Fcomments&post=69"}],"version-history":[{"count":22,"href":"https:\/\/smaskolan.se\/index.php?rest_route=\/wp\/v2\/pages\/69\/revisions"}],"predecessor-version":[{"id":2425,"href":"https:\/\/smaskolan.se\/index.php?rest_route=\/wp\/v2\/pages\/69\/revisions\/2425"}],"up":[{"embeddable":true,"href":"https:\/\/smaskolan.se\/index.php?rest_route=\/wp\/v2\/pages\/61"}],"wp:attachment":[{"href":"https:\/\/smaskolan.se\/index.php?rest_route=%2Fwp%2Fv2%2Fmedia&parent=69"}],"curies":[{"name":"wp","href":"https:\/\/api.w.org\/{rel}","templated":true}]}}