{"id":64,"date":"2010-05-31T11:34:50","date_gmt":"2010-05-31T09:34:50","guid":{"rendered":"https:\/\/smaskolan.se\/?page_id=64"},"modified":"2020-12-17T15:39:39","modified_gmt":"2020-12-17T14:39:39","slug":"modern-pedagogik","status":"publish","type":"page","link":"https:\/\/smaskolan.se\/?page_id=64","title":{"rendered":"Modern pedagogik"},"content":{"rendered":"<p>Hos Sm\u00e5skolan \u00e4r en v\u00e4lutbildad och engagerad personal utg\u00e5ngspunkten. Detta \u00e4r f\u00f6r oss en sj\u00e4lvklarhet.<\/p>\n<p>Lika sj\u00e4lvklart \u00e4r att vi arbetar med en modern pedagogik, anpassad f\u00f6r dagens barn och dagens v\u00e4rld. Sm\u00e5skolan kombinerar v\u00e4letablerade pedagogiska id\u00e9er fr\u00e5n olika traditioner med v\u00e5r samtids viktigaste r\u00f6n och formar genom detta en modern pedagogik f\u00f6r dagens elever. Hos oss f\u00e5r Ditt barn en gedigen skriv-, l\u00e4s- och r\u00e4kne-introduktion, som skapar ett fundament f\u00f6r allt annat l\u00e4rande under den fortsatta skolg\u00e5ngen.<\/p>\n<p><\/p>\n\n\n<figure class=\"wp-block-image size-large\"><img loading=\"lazy\" decoding=\"async\" width=\"1024\" height=\"768\" src=\"https:\/\/smaskolan.se\/wp-content\/uploads\/2020\/04\/20191011_115300-1-1024x768.jpg\" alt=\"\" class=\"wp-image-2205\" srcset=\"https:\/\/smaskolan.se\/wp-content\/uploads\/2020\/04\/20191011_115300-1-1024x768.jpg 1024w, https:\/\/smaskolan.se\/wp-content\/uploads\/2020\/04\/20191011_115300-1-300x225.jpg 300w, https:\/\/smaskolan.se\/wp-content\/uploads\/2020\/04\/20191011_115300-1-768x576.jpg 768w, https:\/\/smaskolan.se\/wp-content\/uploads\/2020\/04\/20191011_115300-1-1536x1152.jpg 1536w, https:\/\/smaskolan.se\/wp-content\/uploads\/2020\/04\/20191011_115300-1-2048x1536.jpg 2048w\" sizes=\"auto, (max-width: 1024px) 100vw, 1024px\" \/><\/figure>\n","protected":false},"excerpt":{"rendered":"<p>Hos Sm\u00e5skolan \u00e4r en v\u00e4lutbildad och engagerad personal utg\u00e5ngspunkten. Detta \u00e4r f\u00f6r oss en sj\u00e4lvklarhet. Lika sj\u00e4lvklart \u00e4r att vi arbetar med en modern pedagogik, anpassad f\u00f6r dagens barn och dagens v\u00e4rld. Sm\u00e5skolan kombinerar v\u00e4letablerade pedagogiska id\u00e9er fr\u00e5n olika traditioner med v\u00e5r samtids viktigaste r\u00f6n och formar genom detta en modern pedagogik f\u00f6r dagens elever&#8230;.<\/p>\n","protected":false},"author":1,"featured_media":0,"parent":61,"menu_order":4,"comment_status":"closed","ping_status":"closed","template":"","meta":{"_monsterinsights_skip_tracking":false,"_monsterinsights_sitenote_active":false,"_monsterinsights_sitenote_note":"","_monsterinsights_sitenote_category":0,"_kad_post_transparent":"","_kad_post_title":"","_kad_post_layout":"","_kad_post_sidebar_id":"","_kad_post_content_style":"","_kad_post_vertical_padding":"","_kad_post_feature":"","_kad_post_feature_position":"","_kad_post_header":false,"_kad_post_footer":false,"footnotes":""},"class_list":["post-64","page","type-page","status-publish","hentry"],"_links":{"self":[{"href":"https:\/\/smaskolan.se\/index.php?rest_route=\/wp\/v2\/pages\/64","targetHints":{"allow":["GET"]}}],"collection":[{"href":"https:\/\/smaskolan.se\/index.php?rest_route=\/wp\/v2\/pages"}],"about":[{"href":"https:\/\/smaskolan.se\/index.php?rest_route=\/wp\/v2\/types\/page"}],"author":[{"embeddable":true,"href":"https:\/\/smaskolan.se\/index.php?rest_route=\/wp\/v2\/users\/1"}],"replies":[{"embeddable":true,"href":"https:\/\/smaskolan.se\/index.php?rest_route=%2Fwp%2Fv2%2Fcomments&post=64"}],"version-history":[{"count":14,"href":"https:\/\/smaskolan.se\/index.php?rest_route=\/wp\/v2\/pages\/64\/revisions"}],"predecessor-version":[{"id":2424,"href":"https:\/\/smaskolan.se\/index.php?rest_route=\/wp\/v2\/pages\/64\/revisions\/2424"}],"up":[{"embeddable":true,"href":"https:\/\/smaskolan.se\/index.php?rest_route=\/wp\/v2\/pages\/61"}],"wp:attachment":[{"href":"https:\/\/smaskolan.se\/index.php?rest_route=%2Fwp%2Fv2%2Fmedia&parent=64"}],"curies":[{"name":"wp","href":"https:\/\/api.w.org\/{rel}","templated":true}]}}