{"id":61,"date":"2010-05-31T11:33:41","date_gmt":"2010-05-31T09:33:41","guid":{"rendered":"https:\/\/smaskolan.se\/?page_id=61"},"modified":"2020-08-28T12:13:55","modified_gmt":"2020-08-28T10:13:55","slug":"om-smaskolan","status":"publish","type":"page","link":"https:\/\/smaskolan.se\/?page_id=61","title":{"rendered":"Om Sm\u00e5skolan"},"content":{"rendered":"<p>H\u00e4r hittar du information om Sm\u00e5skolan &#8211; Bra skola. P\u00e5 riktigt.<\/p>\n<p>Sm\u00e5skolan &amp; Eraskolan &#8211; Skolorna f\u00f6r familjer som vill att barnen ska f\u00e5 en s\u00e5 bra start p\u00e5 sin skolg\u00e5ng som m\u00f6jligt, d\u00e4r skolan \u00e4r viktig.<\/p>\n<p>Syskonskolorna Sm\u00e5skolan (\u00e5rskurserna F-2) och <a href=\"http:\/\/www.eraskolan.se\">Eraskolan<\/a> (\u00e5rskurserna 3-6) finns mitt i centrala Ljungsbro. H\u00e4r finns v\u00e4lutbildade och engagerade l\u00e4rare som ger m\u00f6jlighet till det lilla extra. V\u00e5ra elever har b\u00e5de vunnitregionfinalen av Vi i femman och blivit \u00d6sterg\u00f6tlands fr\u00e4msta klass i den stora nationella klasst\u00e4vlingen Schackfyran. H\u00e4r finns ocks\u00e5 s\u00e4rskilda m\u00f6jligheter f\u00f6r de elever som gillar musik och de som \u00f6nskar anv\u00e4nda engelska spr\u00e5ket i kontakten med n\u00e5gon av v\u00e5ra internationella relationer med olika skolor runt om i Europa.<\/p>\n<p>V\u00e5ra ledord \u00e4r trygghet, kreativitet och fram\u00e5tanda. Sm\u00e5skolan &amp; Eraskolan har rankats som n\u00e5gra av landets mest framg\u00e5ngsrika n\u00e4r det g\u00e4ller att skapa trygghet f\u00f6r varje elev och har upprepat samarbetat med olika forskningsakt\u00f6rer som \u00f6nskar ligga i skolutvecklingens framkant.<\/p>\n<p>Med mindre klasser, h\u00f6gre l\u00e4rart\u00e4thet och en varm skolatmosf\u00e4r ger vi m\u00f6jligheter f\u00f6r alla elever att n\u00e5 l\u00e4ngre i sitt kunskapande.<br \/>Varmt v\u00e4lkommen till bra skola. P\u00e5 riktigt.<\/p>\n<p>Intresserad? V\u00e4lkommen p\u00e5 ett bes\u00f6k och\/eller till \u00d6ppet hus.<br \/>Saknar du n\u00e5gon information s\u00e5 \u00e4r du varmt v\u00e4lkommen att h\u00f6ra av dig!<br \/>info@smaskolan.se<\/p>\n<p>Om Sm\u00e5skolan:<br \/>&#8211; <a href=\"https:\/\/smaskolan.se\/?page_id=69\">Mindre skola &#8211; stor trygghet<\/a><br \/>&#8211; <a href=\"https:\/\/smaskolan.se\/?page_id=64\">Modern pedagogik<\/a><br \/>&#8211; <a href=\"https:\/\/smaskolan.se\/?page_id=107\">Profileringar<\/a><br \/>&#8211; <a href=\"https:\/\/smaskolan.se\/?page_id=139\">Fritids<\/a><br \/>&#8211; <a href=\"https:\/\/smaskolan.se\/?page_id=93\">Blivande sm\u00e5skolingar?<\/a><br \/>&#8211; <a href=\"https:\/\/smaskolan.se\/?page_id=295\">Fr\u00e5gor och svar<\/a><\/p>\n\n\n<p><\/p>\n","protected":false},"excerpt":{"rendered":"<p>H\u00e4r hittar du information om Sm\u00e5skolan &#8211; Bra skola. P\u00e5 riktigt. Sm\u00e5skolan &amp; Eraskolan &#8211; Skolorna f\u00f6r familjer som vill att barnen ska f\u00e5 en s\u00e5 bra start p\u00e5 sin skolg\u00e5ng som m\u00f6jligt, d\u00e4r skolan \u00e4r viktig. Syskonskolorna Sm\u00e5skolan (\u00e5rskurserna F-2) och Eraskolan (\u00e5rskurserna 3-6) finns mitt i centrala Ljungsbro. H\u00e4r finns v\u00e4lutbildade och engagerade&#8230;<\/p>\n","protected":false},"author":1,"featured_media":0,"parent":0,"menu_order":2,"comment_status":"closed","ping_status":"closed","template":"","meta":{"_monsterinsights_skip_tracking":false,"_monsterinsights_sitenote_active":false,"_monsterinsights_sitenote_note":"","_monsterinsights_sitenote_category":0,"_kad_post_transparent":"","_kad_post_title":"","_kad_post_layout":"","_kad_post_sidebar_id":"","_kad_post_content_style":"","_kad_post_vertical_padding":"","_kad_post_feature":"","_kad_post_feature_position":"","_kad_post_header":false,"_kad_post_footer":false,"footnotes":""},"class_list":["post-61","page","type-page","status-publish","hentry"],"_links":{"self":[{"href":"https:\/\/smaskolan.se\/index.php?rest_route=\/wp\/v2\/pages\/61","targetHints":{"allow":["GET"]}}],"collection":[{"href":"https:\/\/smaskolan.se\/index.php?rest_route=\/wp\/v2\/pages"}],"about":[{"href":"https:\/\/smaskolan.se\/index.php?rest_route=\/wp\/v2\/types\/page"}],"author":[{"embeddable":true,"href":"https:\/\/smaskolan.se\/index.php?rest_route=\/wp\/v2\/users\/1"}],"replies":[{"embeddable":true,"href":"https:\/\/smaskolan.se\/index.php?rest_route=%2Fwp%2Fv2%2Fcomments&post=61"}],"version-history":[{"count":11,"href":"https:\/\/smaskolan.se\/index.php?rest_route=\/wp\/v2\/pages\/61\/revisions"}],"predecessor-version":[{"id":2329,"href":"https:\/\/smaskolan.se\/index.php?rest_route=\/wp\/v2\/pages\/61\/revisions\/2329"}],"wp:attachment":[{"href":"https:\/\/smaskolan.se\/index.php?rest_route=%2Fwp%2Fv2%2Fmedia&parent=61"}],"curies":[{"name":"wp","href":"https:\/\/api.w.org\/{rel}","templated":true}]}}