{"id":604,"date":"2011-07-06T20:16:45","date_gmt":"2011-07-06T18:16:45","guid":{"rendered":"https:\/\/smaskolan.se\/?page_id=604"},"modified":"2026-03-18T14:34:23","modified_gmt":"2026-03-18T13:34:23","slug":"styrdokument-handlingsplaner","status":"publish","type":"page","link":"https:\/\/smaskolan.se\/?page_id=604","title":{"rendered":"Dokument &#038; blanketter"},"content":{"rendered":"<p>P\u00e5 denna sida hittar du en m\u00e4ngd nyttiga l\u00e4nkar till olika dokument och blanketter.<\/p>\n<p>All skolverksamhet regleras av en m\u00e4ngd styrdokument, nationella och lokala. P\u00e5 denna sida finner ni direktl\u00e4nkar till de nationella samt l\u00e4nkar till olika dokument som g\u00e4ller jus Sm\u00e5skolans och Eraskolans verksamheter.<\/p>\n<p>Saknar du n\u00e5got l\u00e4nk?<br \/>Tveka inte att h\u00f6ra av Dig!<br \/>info@smaskolan.se<\/p>\n<p>NATIONELLA STYRDOKUMENT:<br \/>&#8211; <a href=\"http:\/\/www.riksdagen.se\/webbnav\/index.aspx?nid=3911&amp;bet=2010:800\">Skollagen<\/a><br \/>&#8211; <a href=\"https:\/\/www.skolverket.se\/undervisning\/grundskolan\/laroplan-och-kursplaner-for-grundskolan\/laroplan-lgr22-for-grundskolan-samt-for-forskoleklassen-och-fritidshemmet\">L\u00e4roplanen, LGr22<br \/><\/a><\/p>\n<p>LOKALA DOKUMENT:<br \/>&#8211; <a href=\"https:\/\/smaskolan.se\/wp-content\/uploads\/2025\/03\/Policy-for-ledighet-ledighetsansokan.pdf\">a. Policy fo\u0308r ledighet &#8211; ledighetsanso\u0308kan<\/a><br \/>\u00a0 \u00a0<a href=\"https:\/\/smaskolan.se\/wp-content\/uploads\/2025\/04\/Ledighetsansokan-mall-ledighet-ansokan-ledig-Ledighetsansokan.pdf\">b. Ledighetsanso\u0308kan &#8211; blankett<\/a><br \/>&#8211; <a href=\"https:\/\/smaskolan.se\/wp-content\/uploads\/2019\/10\/Sma\u030askolan-ordningsregler.pdf\">Ordningsregler<\/a><br \/>&#8211; <a href=\"https:\/\/docs.google.com\/document\/d\/1IKjyPPelG80V3XSINss3nYkB0x0mUC8Vt94KqWqC1w4\/edit?usp=sharing\">Rutin f\u00f6r utveckling och \u00e5terkoppling (klagom\u00e5lsrutin)<\/a><br \/><a href=\"https:\/\/smaskolan.se\/wp-content\/uploads\/2017\/10\/Rutin-fo\u0308r-utveckling-och-a\u030aterkoppling-klagoma\u030alsrutin-blankett.pdf\">\u00a0 \u00a0Rutin f\u00f6r utveckling och \u00e5terkoppling (klagom\u00e5lsrutin) &#8211; blankett<\/a><br \/>&#8211; <a href=\"https:\/\/smaskolan.se\/wp-content\/uploads\/2011\/07\/Rutin-vid-magsjuka-diarr\u00e9-och-eller-kr\u00e4kning.pdf\">Rutin vid magsjuka, diarr\u00e9 och\/eller kr\u00e4kning<\/a><br \/>&#8211; <a href=\"https:\/\/smaskolan.se\/wp-content\/uploads\/2024\/03\/Policy-Mobiltelefon-och-annan-brukselektronik-mobilpolicy.pdf\">Policy kring mobiltelefoner och annan brukselektronik<\/a><br \/>&#8211; <a href=\"https:\/\/smaskolan.se\/wp-content\/uploads\/2022\/04\/Hantering-av-elevers-la\u0308kemedel-rutin-och-blankett.pdf\">Egenv\u00e5rd\/Hantering av elevers l\u00e4kemedel &#8211; Rutin och blankett (i ett)<\/a><br \/>&#8211; <a href=\"https:\/\/smaskolan.se\/wp-content\/uploads\/2026\/03\/Plan-for-arbetet-mot-diskriminering-och-krankande-behandling-fr-2023.pdf\">Plan fo\u0308r arbetet mot diskriminering och kra\u0308nkande behandling<\/a><\/p>\n<p>ANDRA VIKTIGA L\u00c4NKAR:<br \/>&#8211; <a href=\"http:\/\/www.skolverket.se\">Skolverket<\/a> (styr, st\u00f6djer och utv\u00e4rderar v\u00e5rt arbete)<br \/>&#8211; <a href=\"http:\/\/www.skolinspektionen.se\">Skolinspektionen<\/a> (kontrollerar att vi f\u00f6ljer lagar och best\u00e4mmelser)<br \/>&#8211; <a href=\"https:\/\/docs.google.com\/document\/d\/1aovci25Lb6jalWQfn680cOIEp5y1vUHAcQUx4nPMxwY\/edit?usp=sharing\">Hantering av personuppgifter<\/a> (Dataskyddsf\u00f6rordningen\/GDPR)<\/p>\n<p>F\u00d6RS\u00c4KRINGAR:<br \/>&#8211; <a href=\"https:\/\/smaskolan.se\/wp-content\/uploads\/2024\/03\/kollektiv-olycksfallsforsakring-for-linkopings-kommun-forsakringsbesked-2024-01-01.pdf\">F\u00f6rs\u00e4kringsinformation<\/a>\u00a0<br \/>&#8211; <a href=\"https:\/\/www.svedea.se\/gruppforsakringar\/kommunolycksfall\/skadeanmalan\">Skadeanm\u00e4lan (webbformul\u00e4r hos Svedea)<\/a><br \/>\u00a0 \u00a0(Kontaktsnummer, Svedea: 0771-160 161<\/p>\n<p>M\u00d6TESANTECKNINGAR FR\u00c5N F\u00d6R\u00c4LDRAR\u00c5D:<br \/>&#8211; <a href=\"https:\/\/smaskolan.se\/wp-content\/uploads\/2026\/03\/Motesanteckningar-Foraldraradet-2025-10-13.pdf\">M\u00f6tesanteckningar &#8211; F\u00f6r\u00e4ldrar\u00e5d 2025-10-13<\/a><br \/>&#8211; <a href=\"https:\/\/smaskolan.se\/wp-content\/uploads\/2026\/03\/Motesanteckningar-Foraldraradet-2026-03-16.pdf\">M\u00f6tesanteckningar &#8211; F\u00f6r\u00e4ldrar\u00e5d 2026-03-16<\/a><\/p>\n\n\n<p><\/p>\n","protected":false},"excerpt":{"rendered":"<p>P\u00e5 denna sida hittar du en m\u00e4ngd nyttiga l\u00e4nkar till olika dokument och blanketter. All skolverksamhet regleras av en m\u00e4ngd styrdokument, nationella och lokala. P\u00e5 denna sida finner ni direktl\u00e4nkar till de nationella samt l\u00e4nkar till olika dokument som g\u00e4ller jus Sm\u00e5skolans och Eraskolans verksamheter. Saknar du n\u00e5got l\u00e4nk?Tveka inte att h\u00f6ra av Dig!info@smaskolan.se NATIONELLA&#8230;<\/p>\n","protected":false},"author":1,"featured_media":0,"parent":473,"menu_order":0,"comment_status":"closed","ping_status":"closed","template":"","meta":{"_monsterinsights_skip_tracking":false,"_monsterinsights_sitenote_active":false,"_monsterinsights_sitenote_note":"","_monsterinsights_sitenote_category":0,"_kad_post_transparent":"","_kad_post_title":"","_kad_post_layout":"","_kad_post_sidebar_id":"","_kad_post_content_style":"","_kad_post_vertical_padding":"","_kad_post_feature":"","_kad_post_feature_position":"","_kad_post_header":false,"_kad_post_footer":false,"footnotes":""},"class_list":["post-604","page","type-page","status-publish","hentry"],"_links":{"self":[{"href":"https:\/\/smaskolan.se\/index.php?rest_route=\/wp\/v2\/pages\/604","targetHints":{"allow":["GET"]}}],"collection":[{"href":"https:\/\/smaskolan.se\/index.php?rest_route=\/wp\/v2\/pages"}],"about":[{"href":"https:\/\/smaskolan.se\/index.php?rest_route=\/wp\/v2\/types\/page"}],"author":[{"embeddable":true,"href":"https:\/\/smaskolan.se\/index.php?rest_route=\/wp\/v2\/users\/1"}],"replies":[{"embeddable":true,"href":"https:\/\/smaskolan.se\/index.php?rest_route=%2Fwp%2Fv2%2Fcomments&post=604"}],"version-history":[{"count":107,"href":"https:\/\/smaskolan.se\/index.php?rest_route=\/wp\/v2\/pages\/604\/revisions"}],"predecessor-version":[{"id":3058,"href":"https:\/\/smaskolan.se\/index.php?rest_route=\/wp\/v2\/pages\/604\/revisions\/3058"}],"up":[{"embeddable":true,"href":"https:\/\/smaskolan.se\/index.php?rest_route=\/wp\/v2\/pages\/473"}],"wp:attachment":[{"href":"https:\/\/smaskolan.se\/index.php?rest_route=%2Fwp%2Fv2%2Fmedia&parent=604"}],"curies":[{"name":"wp","href":"https:\/\/api.w.org\/{rel}","templated":true}]}}