{"id":486,"date":"2011-03-24T10:36:49","date_gmt":"2011-03-24T09:36:49","guid":{"rendered":"https:\/\/smaskolan.se\/?page_id=486"},"modified":"2020-08-29T19:20:06","modified_gmt":"2020-08-29T17:20:06","slug":"jobba-hos-oss","status":"publish","type":"page","link":"https:\/\/smaskolan.se\/?page_id=486","title":{"rendered":"Jobba hos oss"},"content":{"rendered":"\n<figure class=\"wp-block-image alignwide size-full\"><img loading=\"lazy\" decoding=\"async\" width=\"2560\" height=\"687\" src=\"https:\/\/smaskolan.se\/wp-content\/uploads\/2020\/04\/47927877913_f36e5d27e4_o-1-scaled.jpg\" alt=\"\" class=\"wp-image-2146\" srcset=\"https:\/\/smaskolan.se\/wp-content\/uploads\/2020\/04\/47927877913_f36e5d27e4_o-1-scaled.jpg 2560w, https:\/\/smaskolan.se\/wp-content\/uploads\/2020\/04\/47927877913_f36e5d27e4_o-1-300x80.jpg 300w, https:\/\/smaskolan.se\/wp-content\/uploads\/2020\/04\/47927877913_f36e5d27e4_o-1-1024x275.jpg 1024w, https:\/\/smaskolan.se\/wp-content\/uploads\/2020\/04\/47927877913_f36e5d27e4_o-1-768x206.jpg 768w, https:\/\/smaskolan.se\/wp-content\/uploads\/2020\/04\/47927877913_f36e5d27e4_o-1-1536x412.jpg 1536w, https:\/\/smaskolan.se\/wp-content\/uploads\/2020\/04\/47927877913_f36e5d27e4_o-1-2048x549.jpg 2048w\" sizes=\"auto, (max-width: 2560px) 100vw, 2560px\" \/><figcaption>Bild fr\u00e5n Sm\u00e5skolan &amp; Eraskolans \u00e5rliga musikal, med samtliga elever i sv\u00e4ngig k\u00f6r och orkester. (Foto: M Rosander)<\/figcaption><\/figure>\n\n\n\n<div style=\"height:20px\" aria-hidden=\"true\" class=\"wp-block-spacer\"><\/div>\n\n\n<style>#kt-layout-id_f7e268-59 > .kt-row-column-wrap{align-content:start;}:where(#kt-layout-id_f7e268-59 > .kt-row-column-wrap) > .wp-block-kadence-column{justify-content:start;}#kt-layout-id_f7e268-59 > .kt-row-column-wrap{column-gap:var(--global-kb-gap-md, 2rem);row-gap:var(--global-kb-gap-md, 2rem);padding-top:var( --global-kb-row-default-top, 25px );padding-bottom:var( --global-kb-row-default-bottom, 25px );padding-top:var(--global-kb-spacing-sm, 1.5rem);padding-bottom:var(--global-kb-spacing-sm, 1.5rem);grid-template-columns:minmax(0, 1fr) minmax(0, 2fr);}#kt-layout-id_f7e268-59 > .kt-row-layout-overlay{opacity:0.30;}@media all and (max-width: 1024px){#kt-layout-id_f7e268-59 > .kt-row-column-wrap{grid-template-columns:minmax(0, 1fr) minmax(0, 2fr);}}@media all and (max-width: 767px){#kt-layout-id_f7e268-59 > .kt-row-column-wrap{grid-template-columns:minmax(0, 1fr);}}<\/style>\n<div class=\"wp-block-kadence-rowlayout alignnone\"><div id=\"kt-layout-id_f7e268-59\" class=\"kt-row-layout-inner kt-layout-id_f7e268-59\"><div class=\"kt-row-column-wrap kt-has-2-columns kt-gutter-default kt-v-gutter-default kt-row-valign-top kt-row-layout-right-golden kt-tab-layout-inherit kt-m-colapse-left-to-right kt-mobile-layout-row\"><style>.kadence-column_d674de-0f > .kt-inside-inner-col{border-top-width:0px;border-right-width:0px;border-bottom-width:0px;border-left-width:0px;}.kadence-column_d674de-0f > .kt-inside-inner-col,.kadence-column_d674de-0f > .kt-inside-inner-col:before{border-top-left-radius:0px;border-top-right-radius:0px;border-bottom-right-radius:0px;border-bottom-left-radius:0px;}.kadence-column_d674de-0f > .kt-inside-inner-col{column-gap:var(--global-kb-gap-sm, 1rem);}.kadence-column_d674de-0f > .kt-inside-inner-col{flex-direction:column;}.kadence-column_d674de-0f > .kt-inside-inner-col > .aligncenter{width:100%;}.kadence-column_d674de-0f > .kt-inside-inner-col:before{opacity:0.3;}.kadence-column_d674de-0f{position:relative;}@media all and (max-width: 1024px){.kadence-column_d674de-0f > .kt-inside-inner-col{flex-direction:column;justify-content:center;}}@media all and (max-width: 767px){.kadence-column_d674de-0f > .kt-inside-inner-col{flex-direction:column;justify-content:center;}}<\/style>\n<div class=\"wp-block-kadence-column inner-column-1 kadence-column_d674de-0f\"><div class=\"kt-inside-inner-col\"><style>.wp-block-kadence-advancedgallery .kb-gallery-type-masonry.kb-gallery-id-_a146e2-17{margin:-5px;}.kb-gallery-type-masonry.kb-gallery-id-_a146e2-17 .kadence-blocks-gallery-item{padding:5px;}.kb-gallery-id-_a146e2-17 .kadence-blocks-gallery-item .kb-gal-image-radius, .kb-gallery-id-_a146e2-17 .kb-slide-item .kb-gal-image-radius img{border-radius:0px 0px 0px 0px;;}<\/style>\n<div class=\"wp-block-kadence-advancedgallery kb-gallery-wrap-id-_a146e2-17\"><ul class=\"kb-gallery-ul kb-gallery-type-masonry kb-masonry-init kb-gallery-id-_a146e2-17 kb-gallery-caption-style-bottom-hover kb-gallery-filter-none\" data-item-selector=\".kadence-blocks-gallery-item\" data-image-filter=\"none\" data-lightbox-caption=\"true\" data-columns-xxl=\"3\" data-columns-xl=\"3\" data-columns-lg=\"3\" data-columns-md=\"2\" data-columns-sm=\"1\" data-columns-xs=\"1\"><li class=\"kadence-blocks-gallery-item\"><div class=\"kadence-blocks-gallery-item-inner\"><figure class=\"kb-gallery-figure kadence-blocks-gallery-item-hide-caption\"><div class=\"kb-gal-image-radius\"><div class=\"kb-gallery-image-contain\"><img loading=\"lazy\" decoding=\"async\" width=\"800\" height=\"600\" src=\"https:\/\/smaskolan.se\/wp-content\/uploads\/2016\/05\/20160524_105123.jpg\" alt=\"\" data-full-image=\"https:\/\/smaskolan.se\/wp-content\/uploads\/2016\/05\/20160524_105123.jpg\" data-light-image=\"https:\/\/smaskolan.se\/wp-content\/uploads\/2016\/05\/20160524_105123.jpg\" data-id=\"1510\" data-link=\"https:\/\/smaskolan.se\/?attachment_id=1510\" class=\"wp-image-1510undefined\" srcset=\"https:\/\/smaskolan.se\/wp-content\/uploads\/2016\/05\/20160524_105123.jpg 800w, https:\/\/smaskolan.se\/wp-content\/uploads\/2016\/05\/20160524_105123-300x225.jpg 300w\" sizes=\"auto, (max-width: 800px) 100vw, 800px\" \/><\/div><\/div><\/figure><\/div><\/li><li class=\"kadence-blocks-gallery-item\"><div class=\"kadence-blocks-gallery-item-inner\"><figure class=\"kb-gallery-figure kadence-blocks-gallery-item-hide-caption\"><div class=\"kb-gal-image-radius\" style=\"max-width:768px\"><div class=\"kb-gallery-image-contain kadence-blocks-gallery-intrinsic\" style=\"padding-bottom:133.33333333333331%\"><img loading=\"lazy\" decoding=\"async\" src=\"https:\/\/smaskolan.se\/wp-content\/uploads\/2014\/08\/Arbetande-fo\u0308rskoleklassbarn-768x1024.jpg\" width=\"768\" height=\"1024\" alt=\"\" data-full-image=\"https:\/\/smaskolan.se\/wp-content\/uploads\/2014\/08\/Arbetande-fo\u0308rskoleklassbarn.jpg\" data-light-image=\"https:\/\/smaskolan.se\/wp-content\/uploads\/2014\/08\/Arbetande-fo\u0308rskoleklassbarn.jpg\" data-id=\"1200\" data-link=\"https:\/\/smaskolan.se\/?attachment_id=1200\" class=\"wp-image-1200undefined\" srcset=\"https:\/\/smaskolan.se\/wp-content\/uploads\/2014\/08\/Arbetande-fo\u0308rskoleklassbarn-768x1024.jpg 768w, https:\/\/smaskolan.se\/wp-content\/uploads\/2014\/08\/Arbetande-fo\u0308rskoleklassbarn-225x300.jpg 225w, https:\/\/smaskolan.se\/wp-content\/uploads\/2014\/08\/Arbetande-fo\u0308rskoleklassbarn.jpg 1200w\" sizes=\"auto, (max-width: 768px) 100vw, 768px\" \/><\/div><div class=\"kadence-blocks-gallery-item__caption\">Caption 1<\/div><\/div><\/figure><\/div><\/li><li class=\"kadence-blocks-gallery-item\"><div class=\"kadence-blocks-gallery-item-inner\"><figure class=\"kb-gallery-figure kadence-blocks-gallery-item-hide-caption\"><div class=\"kb-gal-image-radius\" style=\"max-width:768px\"><div class=\"kb-gallery-image-contain kadence-blocks-gallery-intrinsic\" style=\"padding-bottom:133.33333333333331%\"><img loading=\"lazy\" decoding=\"async\" src=\"https:\/\/smaskolan.se\/wp-content\/uploads\/2014\/08\/FSK-Gympa-3-kompr-768x1024.jpg\" width=\"768\" height=\"1024\" alt=\"\" data-full-image=\"https:\/\/smaskolan.se\/wp-content\/uploads\/2014\/08\/FSK-Gympa-3-kompr.jpg\" data-light-image=\"https:\/\/smaskolan.se\/wp-content\/uploads\/2014\/08\/FSK-Gympa-3-kompr.jpg\" data-id=\"1199\" data-link=\"https:\/\/smaskolan.se\/?attachment_id=1199\" class=\"wp-image-1199undefined\" srcset=\"https:\/\/smaskolan.se\/wp-content\/uploads\/2014\/08\/FSK-Gympa-3-kompr-768x1024.jpg 768w, https:\/\/smaskolan.se\/wp-content\/uploads\/2014\/08\/FSK-Gympa-3-kompr-225x300.jpg 225w, https:\/\/smaskolan.se\/wp-content\/uploads\/2014\/08\/FSK-Gympa-3-kompr.jpg 1200w\" sizes=\"auto, (max-width: 768px) 100vw, 768px\" \/><\/div><\/div><\/figure><\/div><\/li><li class=\"kadence-blocks-gallery-item\"><div class=\"kadence-blocks-gallery-item-inner\"><figure class=\"kb-gallery-figure kadence-blocks-gallery-item-hide-caption\"><div class=\"kb-gal-image-radius\"><div class=\"kb-gallery-image-contain\"><img loading=\"lazy\" decoding=\"async\" width=\"500\" height=\"332\" src=\"https:\/\/smaskolan.se\/wp-content\/uploads\/2010\/05\/05EV2713.jpg\" alt=\"Sm\u00e5skolan i Ljungsbro\" data-full-image=\"https:\/\/smaskolan.se\/wp-content\/uploads\/2010\/05\/05EV2713.jpg\" data-light-image=\"https:\/\/smaskolan.se\/wp-content\/uploads\/2010\/05\/05EV2713.jpg\" data-id=\"572\" data-link=\"https:\/\/smaskolan.se\/?attachment_id=572\" class=\"wp-image-572undefined\" srcset=\"https:\/\/smaskolan.se\/wp-content\/uploads\/2010\/05\/05EV2713.jpg 500w, https:\/\/smaskolan.se\/wp-content\/uploads\/2010\/05\/05EV2713-300x199.jpg 300w\" sizes=\"auto, (max-width: 500px) 100vw, 500px\" \/><\/div><\/div><\/figure><\/div><\/li><\/ul><\/div>\n\n\n\n<h4 class=\"wp-block-heading\">Lediga tj\u00e4nster just nu:<\/h4>\n\n\n\n<ul class=\"wp-block-list\"><li>Sm\u00e5skolan s\u00f6ker <a href=\"https:\/\/smaskolan.se\/?page_id=692\">tim- och dagsvikarier<\/a>.<br><\/li><li>\u00d6vriga tj\u00e4nster annonseras p\u00e5 <a href=\"https:\/\/www.arbetsformedlingen.se\/Foretagsprofil\/2757\">Platsbanken<\/a><\/li><\/ul>\n\n\n\n<div style=\"height:20px\" aria-hidden=\"true\" class=\"wp-block-spacer\"><\/div>\n\n\n<style>.wp-block-kadence-column.kb-section-dir-horizontal > .kt-inside-inner-col > #kt-info-box_47400e-19 .kt-blocks-info-box-link-wrap{max-width:unset;}#kt-info-box_47400e-19 .kt-blocks-info-box-link-wrap{border-radius:20px;border-top-width:3px;border-right-width:3px;border-bottom-width:3px;border-left-width:3px;background:#ffffff;padding-top:24px;padding-right:24px;padding-bottom:24px;padding-left:24px;}#kt-info-box_47400e-19 .kt-blocks-info-box-link-wrap:hover{background:#ffffff;}#kt-info-box_47400e-19 .kadence-info-box-icon-container .kt-info-svg-icon, #kt-info-box_47400e-19 .kt-info-svg-icon-flip, #kt-info-box_47400e-19 .kt-blocks-info-box-number{font-size:50px;}#kt-info-box_47400e-19 .kt-blocks-info-box-media{color:#444444;background:#ffffff;border-color:#eeeeee;border-radius:200px;overflow:hidden;border-top-width:3px;border-right-width:3px;border-bottom-width:3px;border-left-width:3px;padding-top:20px;padding-right:20px;padding-bottom:20px;padding-left:20px;}#kt-info-box_47400e-19 .kt-blocks-info-box-media-container{margin-top:0px;margin-right:20px;margin-bottom:0px;margin-left:0px;}#kt-info-box_47400e-19 .kt-blocks-info-box-media .kadence-info-box-image-intrisic img{border-radius:200px;}#kt-info-box_47400e-19 .kt-blocks-info-box-link-wrap:hover .kt-blocks-info-box-media{color:#444444;background:#ffffff;border-color:#eeeeee;}#kt-info-box_47400e-19 .kt-infobox-textcontent h2.kt-blocks-info-box-title{padding-top:0px;padding-right:0px;padding-bottom:0px;padding-left:0px;margin-top:5px;margin-right:0px;margin-bottom:10px;margin-left:0px;}.wp-block-kadence-infobox#kt-info-box_47400e-19 .kt-blocks-info-box-text{font-size:13px;}#kt-info-box_47400e-19 .kt-blocks-info-box-learnmore{background:transparent;border-width:0px 0px 0px 0px;padding-top:4px;padding-right:8px;padding-bottom:4px;padding-left:8px;margin-top:10px;margin-right:0px;margin-bottom:10px;margin-left:0px;}<\/style>\n<div id=\"kt-info-box_47400e-19\" class=\"wp-block-kadence-infobox\"><a class=\"kt-blocks-info-box-link-wrap kt-blocks-info-box-media-align-top kt-info-halign-left\"><div class=\"kt-blocks-info-box-media-container\"><div class=\"kt-blocks-info-box-media kt-info-media-animate-none\"><div class=\"kadence-info-box-icon-container kt-info-icon-animate-none\"><div class=\"kadence-info-box-icon-inner-container\"><span style=\"display:block;justify-content:center;align-items:center\" class=\"kt-info-svg-icon kt-info-svg-icon-fe_mail\"><svg style=\"display:inline-block;vertical-align:middle\" viewbox=\"0 0 24 24\" height=\"50\" width=\"50\" fill=\"none\" stroke=\"currentColor\" xmlns=\"http:\/\/www.w3.org\/2000\/svg\" stroke-width=\"2\" stroke-linecap=\"round\" stroke-linejoin=\"round\"><path d=\"M4 4h16c1.1 0 2 .9 2 2v12c0 1.1-.9 2-2 2H4c-1.1 0-2-.9-2-2V6c0-1.1.9-2 2-2z\"><\/path><polyline points=\"22,6 12,13 2,6\"><\/polyline><\/svg><\/span><\/div><\/div><\/div><\/div><div class=\"kt-infobox-textcontent\"><p class=\"kt-blocks-info-box-text\">Hittar du inte din dr\u00f6mtj\u00e4nst just nu?<br\/>Sm\u00e5skolan \u00e4r alltid intresserade av driven och fram\u00e5t personal f\u00f6r framtida behov.  <br\/>V\u00e4lkommen att skicka in ditt CV till info@smaskolan.se<\/p><\/div><\/a><\/div>\n<\/div><\/div>\n\n\n<style>.kadence-column_34765e-8d > .kt-inside-inner-col{border-top-width:0px;border-right-width:0px;border-bottom-width:0px;border-left-width:0px;}.kadence-column_34765e-8d > .kt-inside-inner-col,.kadence-column_34765e-8d > .kt-inside-inner-col:before{border-top-left-radius:0px;border-top-right-radius:0px;border-bottom-right-radius:0px;border-bottom-left-radius:0px;}.kadence-column_34765e-8d > .kt-inside-inner-col{column-gap:var(--global-kb-gap-sm, 1rem);}.kadence-column_34765e-8d > .kt-inside-inner-col{flex-direction:column;}.kadence-column_34765e-8d > .kt-inside-inner-col > .aligncenter{width:100%;}.kadence-column_34765e-8d > .kt-inside-inner-col:before{opacity:0.3;}.kadence-column_34765e-8d{position:relative;}@media all and (max-width: 1024px){.kadence-column_34765e-8d > .kt-inside-inner-col{flex-direction:column;justify-content:center;}}@media all and (max-width: 767px){.kadence-column_34765e-8d > .kt-inside-inner-col{flex-direction:column;justify-content:center;}}<\/style>\n<div class=\"wp-block-kadence-column inner-column-2 kadence-column_34765e-8d\"><div class=\"kt-inside-inner-col\">\n<h4 class=\"wp-block-heading\">Sm\u00e5skolan: Av l\u00e4rare \u2013 f\u00f6r l\u00e4rare\u2026 och elever!<\/h4>\n\n\n\n<div style=\"height:20px\" aria-hidden=\"true\" class=\"wp-block-spacer\"><\/div>\n\n\n<style>.kt-blocks-testimonials-wrap_769c33-4b .kt-svg-testimonial-global-icon{font-size:30px;}.kt-blocks-testimonials-wrap_769c33-4b .kt-testimonial-item-0 .kt-svg-testimonial-icon{color:#555555;font-size:50px;}.kt-blocks-testimonials-wrap_769c33-4b .kt-testimonial-rating-wrap{margin-top:10px;margin-right:0px;margin-bottom:10px;margin-left:0px;}.kt-blocks-testimonials-wrap_769c33-4b .kt-testimonial-rating-wrap .kb-svg-icon-wrap{color:#ffd700;font-size:16px;}.kt-blocks-testimonials-wrap_769c33-4b .kt-testimonial-grid-wrap{gap:var(--global-kb-gap-md, 2rem);}.kt-blocks-testimonials-wrap_769c33-4b .kt-testimonial-item-wrap .kt-testimonial-text-wrap{padding-top:20px;padding-right:20px;padding-bottom:20px;padding-left:20px;}.kt-blocks-testimonials-wrap_769c33-4b .kt-testimonial-item-wrap .kt-testimonial-title{margin-top:0px;margin-right:0px;margin-bottom:15px;margin-left:0px;}.kt-blocks-testimonials-wrap_769c33-4b .kt-testimonial-content{color:#333333;font-size:13px;text-transform:none;}.kt-blocks-testimonials-wrap_769c33-4b .kt-testimonial-occupation{font-size:15px;}.kt-blocks-testimonials-wrap_769c33-4b .kt-testimonial-item-wrap{max-width:800px;}.kt-blocks-testimonials-wrap_769c33-4b .kt-testimonial-item-wrap .kt-testimonial-text-wrap{max-width:800px;}.kt-blocks-testimonials-wrap_769c33-4b .kt-testimonial-media-inner-wrap{width:60px;}.kt-blocks-testimonials-wrap_769c33-4b .kt-svg-testimonial-icon{justify-content:center;align-items:center;}@media all and (max-width: 767px){.kt-blocks-testimonials-wrap_769c33-4b{padding-top:px;padding-bottom:px;margin-top:px;margin-bottom:px;}}<\/style>\n<div class=\"wp-block-kadence-testimonials kt-testimonial-halign-center kt-testimonial-style-bubble kt-testimonials-media-on kt-testimonials-icon-off kt-testimonial-columns-1 kt-t-xxl-col-1 kt-t-xl-col-1 kt-t-lg-col-1 kt-t-md-col-1 kt-t-sm-col-1 kt-t-xs-col-1 kt-blocks-testimonials-wrap_769c33-4b\"><div class=\"kt-testimonial-grid-wrap\" style=\"grid-row-gap:30px;grid-column-gap:30px\"><div class=\"kt-testimonial-item-wrap kt-testimonial-item-0\" style=\"max-width:800px\"><div class=\"kt-testimonial-text-wrap\" style=\"border-color:rgba(238, 238, 238, 1);padding-top:20px;padding-right:20px;padding-bottom:20px;padding-left:20px\"><div class=\"kt-testimonial-content-wrap\"><div class=\"kt-testimonial-content\">T\u00e4nk dig en skola som \u00e4r skapad av l\u00e4rare \u2013 f\u00f6r l\u00e4rare\u2026 <br>och givetvis ocks\u00e5 f\u00f6r elever.<br>Sedan starten 2011 har Sm\u00e5skolan &amp; Eraskolan f\u00f6r m\u00e4ngder av politiker, s\u00e5v\u00e4l lokala som regionala och nationella, visat att en svensk F-6-skola kan inneh\u00e5lla mindre klasser och h\u00f6gre l\u00e4rart\u00e4thet. H\u00e4r finns h\u00f6g kompetens hos personalen och en ob\u00e4ndig vilja att f\u00e5 g\u00f6ra bra skola. P\u00e5 riktigt, med bra arbetsf\u00f6rh\u00e5llanden och ett fantastiskt arbetslag.<\/div><\/div><\/div><div class=\"kt-testimonial-meta-wrap\"><div class=\"kt-testimonial-media-wrap\"><div class=\"kt-testimonial-media-inner-wrap\" style=\"width:60px;border-color:#555555;border-radius:px;border-width:0px 0px 0px 0px;padding:0px 0px 0px 0px\"><div class=\"kadence-testimonial-image-intrisic\"><div class=\"kt-testimonial-image\" style=\"background-image:url('https:\/\/smaskolan.se\/wp-content\/uploads\/2020\/04\/0H9A0020-150x150.jpg')\"><\/div><\/div><\/div><\/div><div class=\"kt-testimonial-meta-name-wrap\"><div class=\"kt-testimonial-name-wrap\"><div class=\"kt-testimonial-name\">Fredrik P\u00e5hlsson<\/div><\/div><div class=\"kt-testimonial-occupation-wrap\"><div class=\"kt-testimonial-occupation\">Rektor<\/div><\/div><\/div><\/div><\/div><\/div><\/div>\n\n\n\n<div style=\"height:20px\" aria-hidden=\"true\" class=\"wp-block-spacer\"><\/div>\n\n\n\n<p>Sm\u00e5skolan \u00e4r uppbyggd kring skicklig och fram\u00e5t personal. Att arbeta p\u00e5 Sm\u00e5skolan kr\u00e4ver professionalism kombinerat med flexibilitet och positiv h\u00e5llning. Hos oss \u00e4r beh\u00f6righet en sj\u00e4lvklarhet. I och med att v\u00e5ra skolor \u00e4r sm\u00e5 inneh\u00e5ller alla tj\u00e4nster inte bara en k\u00e4rnsyssels\u00e4ttning utan ocks\u00e5 andra ansvarsuppgifter.<\/p>\n\n\n\n<p>Sm\u00e5skolan erbjuder en kreativ milj\u00f6 d\u00e4r du inom ramen f\u00f6r v\u00e5r pedagogiska id\u00e9 har stor m\u00f6jlighet att p\u00e5verka och utveckla. Vi jobbar med ca 20 elever i v\u00e5ra klasser. V\u00e5ra ledord \u00e4r engagemang, trygghet och resultat. Alla anst\u00e4llda hos oss \u00e4r viktiga pusselbitar i att f\u00e5 alla elever och f\u00f6r\u00e4ldrar att f\u00f6rst\u00e5 vikten av kunskaper och vikten av m\u00f6jligheterna att utvecklas som vi erbjuder. V\u00e5r skola inneh\u00e5ller tv\u00e5 profileringar, utomhuspedagogisk \u00e5dra och musik (engelska\/internationella kontakter samt musik p\u00e5 Eraskolan). <\/p>\n\n\n\n<p>I Sm\u00e5skolan hittar du en l\u00e5ngsiktig arbetsgivare som ser sin personal som sin st\u00f6rsta tillg\u00e5ng i m\u00e5ls\u00e4ttningen att vara Link\u00f6pings mest attraktiva skola. Bra skola. P\u00e5 riktigt.<\/p>\n\n\n\n<p>Intresserad av att bli en del av Sm\u00e5skolan? H\u00f6r av dig s\u00e5 ber\u00e4ttar vi mer!<br>info@smaskolan.se eller 013-47 90 400<\/p>\n<\/div><\/div>\n<\/div><\/div><\/div>\n\n\n\n<p><\/p>\n","protected":false},"excerpt":{"rendered":"<p>Lediga tj\u00e4nster just nu: Sm\u00e5skolan s\u00f6ker tim- och dagsvikarier. \u00d6vriga tj\u00e4nster annonseras p\u00e5 Platsbanken Sm\u00e5skolan: Av l\u00e4rare \u2013 f\u00f6r l\u00e4rare\u2026 och elever! Sm\u00e5skolan \u00e4r uppbyggd kring skicklig och fram\u00e5t personal. Att arbeta p\u00e5 Sm\u00e5skolan kr\u00e4ver professionalism kombinerat med flexibilitet och positiv h\u00e5llning. Hos oss \u00e4r beh\u00f6righet en sj\u00e4lvklarhet. I och med att v\u00e5ra skolor \u00e4r&#8230;<\/p>\n","protected":false},"author":1,"featured_media":0,"parent":2,"menu_order":0,"comment_status":"closed","ping_status":"closed","template":"","meta":{"_monsterinsights_skip_tracking":false,"_monsterinsights_sitenote_active":false,"_monsterinsights_sitenote_note":"","_monsterinsights_sitenote_category":0,"_kad_post_transparent":"","_kad_post_title":"","_kad_post_layout":"","_kad_post_sidebar_id":"","_kad_post_content_style":"","_kad_post_vertical_padding":"","_kad_post_feature":"","_kad_post_feature_position":"","_kad_post_header":false,"_kad_post_footer":false,"footnotes":""},"class_list":["post-486","page","type-page","status-publish","hentry"],"_links":{"self":[{"href":"https:\/\/smaskolan.se\/index.php?rest_route=\/wp\/v2\/pages\/486","targetHints":{"allow":["GET"]}}],"collection":[{"href":"https:\/\/smaskolan.se\/index.php?rest_route=\/wp\/v2\/pages"}],"about":[{"href":"https:\/\/smaskolan.se\/index.php?rest_route=\/wp\/v2\/types\/page"}],"author":[{"embeddable":true,"href":"https:\/\/smaskolan.se\/index.php?rest_route=\/wp\/v2\/users\/1"}],"replies":[{"embeddable":true,"href":"https:\/\/smaskolan.se\/index.php?rest_route=%2Fwp%2Fv2%2Fcomments&post=486"}],"version-history":[{"count":51,"href":"https:\/\/smaskolan.se\/index.php?rest_route=\/wp\/v2\/pages\/486\/revisions"}],"predecessor-version":[{"id":2371,"href":"https:\/\/smaskolan.se\/index.php?rest_route=\/wp\/v2\/pages\/486\/revisions\/2371"}],"up":[{"embeddable":true,"href":"https:\/\/smaskolan.se\/index.php?rest_route=\/wp\/v2\/pages\/2"}],"wp:attachment":[{"href":"https:\/\/smaskolan.se\/index.php?rest_route=%2Fwp%2Fv2%2Fmedia&parent=486"}],"curies":[{"name":"wp","href":"https:\/\/api.w.org\/{rel}","templated":true}]}}