{"id":477,"date":"2011-03-15T09:20:04","date_gmt":"2011-03-15T08:20:04","guid":{"rendered":"https:\/\/smaskolan.se\/?page_id=477"},"modified":"2020-08-29T18:38:14","modified_gmt":"2020-08-29T16:38:14","slug":"kalender","status":"publish","type":"page","link":"https:\/\/smaskolan.se\/?page_id=477","title":{"rendered":"Kalender"},"content":{"rendered":"<p>Detta \u00e4r Sm\u00e5skolans elevkalender.<\/p>\n<p>H\u00e4r finns elevrelaterad information s\u00e5som:<br \/>\n&#8211; L\u00e4s\u00e5rstider<br \/>\n&#8211; Lov<br \/>\n&#8211; Studiedagar<br \/>\n&#8211; S\u00e4rskilda aktiviteter<\/p>\n<p><em>F\u00f6r f\u00f6r\u00e4ldrar till v\u00e5ra elever:<\/em> Denna kalender uppdateras kontinuerligt. Vi rekommenderar<br \/>\nd\u00e4rf\u00f6r att du inkluderar den bland dina \u00f6vriga digitala kalendrar s\u00e5 att du hela<br \/>\ntiden f\u00e5r med alla uppdateringar som g\u00f6rs l\u00f6pande.<br \/>\n(Har du G-mail g\u00f6rs det v\u00e4ldigt enkelt genom att trycka p\u00e5 +-knappen l\u00e4ngst ner till h\u00f6ger p\u00e5 kalendern.)<\/p>\n<p><iframe loading=\"lazy\" style=\"border-width: 0;\" src=\"https:\/\/www.google.com\/calendar\/embed?height=600&amp;wkst=2&amp;hl=sv&amp;bgcolor=%23FFFFFF&amp;src=smaskolan.se_rfark143a1kdslfkobph3e5vo0%40group.calendar.google.com&amp;color=%23AB8B00&amp;ctz=Europe%2FStockholm\" width=\"800\" height=\"600\" frameborder=\"0\" scrolling=\"no\"><\/iframe><\/p>\n","protected":false},"excerpt":{"rendered":"<p>Detta \u00e4r Sm\u00e5skolans elevkalender. H\u00e4r finns elevrelaterad information s\u00e5som: &#8211; L\u00e4s\u00e5rstider &#8211; Lov &#8211; Studiedagar &#8211; S\u00e4rskilda aktiviteter F\u00f6r f\u00f6r\u00e4ldrar till v\u00e5ra elever: Denna kalender uppdateras kontinuerligt. Vi rekommenderar d\u00e4rf\u00f6r att du inkluderar den bland dina \u00f6vriga digitala kalendrar s\u00e5 att du hela tiden f\u00e5r med alla uppdateringar som g\u00f6rs l\u00f6pande. (Har du G-mail g\u00f6rs&#8230;<\/p>\n","protected":false},"author":1,"featured_media":0,"parent":473,"menu_order":0,"comment_status":"closed","ping_status":"closed","template":"","meta":{"_monsterinsights_skip_tracking":false,"_monsterinsights_sitenote_active":false,"_monsterinsights_sitenote_note":"","_monsterinsights_sitenote_category":0,"_kad_post_transparent":"","_kad_post_title":"","_kad_post_layout":"","_kad_post_sidebar_id":"","_kad_post_content_style":"","_kad_post_vertical_padding":"","_kad_post_feature":"","_kad_post_feature_position":"","_kad_post_header":false,"_kad_post_footer":false,"footnotes":""},"class_list":["post-477","page","type-page","status-publish","hentry"],"_links":{"self":[{"href":"https:\/\/smaskolan.se\/index.php?rest_route=\/wp\/v2\/pages\/477","targetHints":{"allow":["GET"]}}],"collection":[{"href":"https:\/\/smaskolan.se\/index.php?rest_route=\/wp\/v2\/pages"}],"about":[{"href":"https:\/\/smaskolan.se\/index.php?rest_route=\/wp\/v2\/types\/page"}],"author":[{"embeddable":true,"href":"https:\/\/smaskolan.se\/index.php?rest_route=\/wp\/v2\/users\/1"}],"replies":[{"embeddable":true,"href":"https:\/\/smaskolan.se\/index.php?rest_route=%2Fwp%2Fv2%2Fcomments&post=477"}],"version-history":[{"count":12,"href":"https:\/\/smaskolan.se\/index.php?rest_route=\/wp\/v2\/pages\/477\/revisions"}],"predecessor-version":[{"id":2345,"href":"https:\/\/smaskolan.se\/index.php?rest_route=\/wp\/v2\/pages\/477\/revisions\/2345"}],"up":[{"embeddable":true,"href":"https:\/\/smaskolan.se\/index.php?rest_route=\/wp\/v2\/pages\/473"}],"wp:attachment":[{"href":"https:\/\/smaskolan.se\/index.php?rest_route=%2Fwp%2Fv2%2Fmedia&parent=477"}],"curies":[{"name":"wp","href":"https:\/\/api.w.org\/{rel}","templated":true}]}}