{"id":417,"date":"2010-11-10T22:03:27","date_gmt":"2010-11-10T21:03:27","guid":{"rendered":"https:\/\/smaskolan.se\/?page_id=417"},"modified":"2019-01-09T10:37:03","modified_gmt":"2019-01-09T09:37:03","slug":"informationsmote","status":"publish","type":"page","link":"https:\/\/smaskolan.se\/?page_id=417","title":{"rendered":"\u00d6ppet hus 17\/1 &#8211; f\u00f6r blivande f\u00f6rskoleklassf\u00f6r\u00e4ldrar"},"content":{"rendered":"<p>V\u00e4lkomna p\u00e5 \u00d6ppet Hus!<br \/>\nTorsdagen den 18\/1, 2019 kl 18.00-20.00 \u00e4r alla blivande f\u00f6rskoleklassf\u00f6r\u00e4ldrar varmt v\u00e4lkommen till Sm\u00e5skolans \u00f6ppet hus. (Allhelgonagatan 7, Ljungsbro)<\/p>\n<p>Denna kv\u00e4ll f\u00e5r du m\u00f6ta personal och nuvarande f\u00f6r\u00e4ldrar som ber\u00e4ttar om Sm\u00e5skolan. Givetvis blir det rundvandring i v\u00e5ra lokaler. Vi ber\u00e4ttar ocks\u00e5 om Link\u00f6pings kommuns nya ans\u00f6kningsregler till f\u00f6rskolekalss och vad det inneb\u00e4r f\u00f6r alla familjer som s\u00f6ker till Sm\u00e5skolan. Sist men inte minst kommer vi informera om Sm\u00e5skolan och om hur valprocessen g\u00e5r till. Efter det kommer det ocks\u00e5 att finnas gott om tid f\u00f6r att st\u00e4lla fr\u00e5gor om allt som har med Sm\u00e5skolan och skolval att g\u00f6ra.<\/p>\n<p>Varmt v\u00e4lkommen!<\/p>\n","protected":false},"excerpt":{"rendered":"<p>V\u00e4lkomna p\u00e5 \u00d6ppet Hus! Torsdagen den 18\/1, 2019 kl 18.00-20.00 \u00e4r alla blivande f\u00f6rskoleklassf\u00f6r\u00e4ldrar varmt v\u00e4lkommen till Sm\u00e5skolans \u00f6ppet hus. (Allhelgonagatan 7, Ljungsbro) Denna kv\u00e4ll f\u00e5r du m\u00f6ta personal och nuvarande f\u00f6r\u00e4ldrar som ber\u00e4ttar om Sm\u00e5skolan. Givetvis blir det rundvandring i v\u00e5ra lokaler. Vi ber\u00e4ttar ocks\u00e5 om Link\u00f6pings kommuns nya ans\u00f6kningsregler till f\u00f6rskolekalss och vad&#8230;<\/p>\n","protected":false},"author":1,"featured_media":0,"parent":61,"menu_order":20,"comment_status":"closed","ping_status":"closed","template":"","meta":{"_monsterinsights_skip_tracking":false,"_monsterinsights_sitenote_active":false,"_monsterinsights_sitenote_note":"","_monsterinsights_sitenote_category":0,"_kad_post_transparent":"","_kad_post_title":"","_kad_post_layout":"","_kad_post_sidebar_id":"","_kad_post_content_style":"","_kad_post_vertical_padding":"","_kad_post_feature":"","_kad_post_feature_position":"","_kad_post_header":false,"_kad_post_footer":false,"footnotes":""},"class_list":["post-417","page","type-page","status-publish","hentry"],"_links":{"self":[{"href":"https:\/\/smaskolan.se\/index.php?rest_route=\/wp\/v2\/pages\/417","targetHints":{"allow":["GET"]}}],"collection":[{"href":"https:\/\/smaskolan.se\/index.php?rest_route=\/wp\/v2\/pages"}],"about":[{"href":"https:\/\/smaskolan.se\/index.php?rest_route=\/wp\/v2\/types\/page"}],"author":[{"embeddable":true,"href":"https:\/\/smaskolan.se\/index.php?rest_route=\/wp\/v2\/users\/1"}],"replies":[{"embeddable":true,"href":"https:\/\/smaskolan.se\/index.php?rest_route=%2Fwp%2Fv2%2Fcomments&post=417"}],"version-history":[{"count":26,"href":"https:\/\/smaskolan.se\/index.php?rest_route=\/wp\/v2\/pages\/417\/revisions"}],"predecessor-version":[{"id":1934,"href":"https:\/\/smaskolan.se\/index.php?rest_route=\/wp\/v2\/pages\/417\/revisions\/1934"}],"up":[{"embeddable":true,"href":"https:\/\/smaskolan.se\/index.php?rest_route=\/wp\/v2\/pages\/61"}],"wp:attachment":[{"href":"https:\/\/smaskolan.se\/index.php?rest_route=%2Fwp%2Fv2%2Fmedia&parent=417"}],"curies":[{"name":"wp","href":"https:\/\/api.w.org\/{rel}","templated":true}]}}