{"id":3046,"date":"2026-01-27T09:04:32","date_gmt":"2026-01-27T08:04:32","guid":{"rendered":"https:\/\/smaskolan.se\/?page_id=3046"},"modified":"2026-01-27T09:16:43","modified_gmt":"2026-01-27T08:16:43","slug":"sjukanmalan","status":"publish","type":"page","link":"https:\/\/smaskolan.se\/?page_id=3046","title":{"rendered":"Sjukanm\u00e4lan"},"content":{"rendered":"\n<div class=\"wp-block-columns is-layout-flex wp-container-core-columns-is-layout-9d6595d7 wp-block-columns-is-layout-flex\">\n<div class=\"wp-block-column is-layout-flow wp-block-column-is-layout-flow\">\n<p><em>Om ditt barn blir sjukt;<\/em><br>Elever ska sjukanm\u00e4las varje dag de \u00e4r sjuka och d\u00e4rmed fr\u00e5nvarar fr\u00e5n skolan. <br><br>Sjukanm\u00e4lan g\u00f6rs varje morgon, senast 07.45, p\u00e5 telefonnummer 013-65 000. Oftast \u00e4r det v\u00e5r telefonsvarare som tar emot ditt samtal. Uppge elevens namn och klass och g\u00e4rna n\u00e5gon rad om hur l\u00e4get \u00e4r.<\/p>\n<\/div>\n\n\n\n<div class=\"wp-block-column is-layout-flow wp-block-column-is-layout-flow\">\n<figure class=\"wp-block-image size-large\"><a href=\"https:\/\/smaskolan.se\/wp-content\/uploads\/2026\/01\/Sjukanmalan-information-hemsidan-1.png\"><img loading=\"lazy\" decoding=\"async\" width=\"1024\" height=\"683\" src=\"https:\/\/smaskolan.se\/wp-content\/uploads\/2026\/01\/Sjukanmalan-information-hemsidan-1-1024x683.png\" alt=\"\" class=\"wp-image-3048\" srcset=\"https:\/\/smaskolan.se\/wp-content\/uploads\/2026\/01\/Sjukanmalan-information-hemsidan-1-1024x683.png 1024w, https:\/\/smaskolan.se\/wp-content\/uploads\/2026\/01\/Sjukanmalan-information-hemsidan-1-300x200.png 300w, https:\/\/smaskolan.se\/wp-content\/uploads\/2026\/01\/Sjukanmalan-information-hemsidan-1-768x512.png 768w, https:\/\/smaskolan.se\/wp-content\/uploads\/2026\/01\/Sjukanmalan-information-hemsidan-1.png 1536w\" sizes=\"auto, (max-width: 1024px) 100vw, 1024px\" \/><\/a><\/figure>\n<\/div>\n<\/div>\n\n\n\n<p><\/p>\n","protected":false},"excerpt":{"rendered":"<p>Om ditt barn blir sjukt;Elever ska sjukanm\u00e4las varje dag de \u00e4r sjuka och d\u00e4rmed fr\u00e5nvarar fr\u00e5n skolan. Sjukanm\u00e4lan g\u00f6rs varje morgon, senast 07.45, p\u00e5 telefonnummer 013-65 000. Oftast \u00e4r det v\u00e5r telefonsvarare som tar emot ditt samtal. Uppge elevens namn och klass och g\u00e4rna n\u00e5gon rad om hur l\u00e4get \u00e4r.<\/p>\n","protected":false},"author":1,"featured_media":0,"parent":473,"menu_order":1,"comment_status":"closed","ping_status":"closed","template":"","meta":{"_monsterinsights_skip_tracking":false,"_monsterinsights_sitenote_active":false,"_monsterinsights_sitenote_note":"","_monsterinsights_sitenote_category":0,"_kad_post_transparent":"","_kad_post_title":"","_kad_post_layout":"","_kad_post_sidebar_id":"","_kad_post_content_style":"","_kad_post_vertical_padding":"","_kad_post_feature":"","_kad_post_feature_position":"","_kad_post_header":false,"_kad_post_footer":false,"footnotes":""},"class_list":["post-3046","page","type-page","status-publish","hentry"],"_links":{"self":[{"href":"https:\/\/smaskolan.se\/index.php?rest_route=\/wp\/v2\/pages\/3046","targetHints":{"allow":["GET"]}}],"collection":[{"href":"https:\/\/smaskolan.se\/index.php?rest_route=\/wp\/v2\/pages"}],"about":[{"href":"https:\/\/smaskolan.se\/index.php?rest_route=\/wp\/v2\/types\/page"}],"author":[{"embeddable":true,"href":"https:\/\/smaskolan.se\/index.php?rest_route=\/wp\/v2\/users\/1"}],"replies":[{"embeddable":true,"href":"https:\/\/smaskolan.se\/index.php?rest_route=%2Fwp%2Fv2%2Fcomments&post=3046"}],"version-history":[{"count":1,"href":"https:\/\/smaskolan.se\/index.php?rest_route=\/wp\/v2\/pages\/3046\/revisions"}],"predecessor-version":[{"id":3049,"href":"https:\/\/smaskolan.se\/index.php?rest_route=\/wp\/v2\/pages\/3046\/revisions\/3049"}],"up":[{"embeddable":true,"href":"https:\/\/smaskolan.se\/index.php?rest_route=\/wp\/v2\/pages\/473"}],"wp:attachment":[{"href":"https:\/\/smaskolan.se\/index.php?rest_route=%2Fwp%2Fv2%2Fmedia&parent=3046"}],"curies":[{"name":"wp","href":"https:\/\/api.w.org\/{rel}","templated":true}]}}