{"id":2986,"date":"2025-06-25T12:47:34","date_gmt":"2025-06-25T10:47:34","guid":{"rendered":"https:\/\/smaskolan.se\/?page_id=2986"},"modified":"2025-09-11T15:29:46","modified_gmt":"2025-09-11T13:29:46","slug":"uppsagning","status":"publish","type":"page","link":"https:\/\/smaskolan.se\/?page_id=2986","title":{"rendered":"Upps\u00e4gning"},"content":{"rendered":"\n<p>P\u00e5 denna sida administrerar du din\/er upps\u00e4gning av plats p\u00e5 n\u00e5gon av Sm\u00e5skolan &amp; Eraskolans fritidshemsverksamheter.<\/p>\n\n\n<style>.wp-block-kadence-spacer.kt-block-spacer-2986_279fe0-28 .kt-block-spacer{height:60px;}.wp-block-kadence-spacer.kt-block-spacer-2986_279fe0-28 .kt-divider{border-top-width:1px;height:1px;border-top-color:#eee;width:80%;border-top-style:solid;}<\/style>\n<div class=\"wp-block-kadence-spacer aligncenter kt-block-spacer-2986_279fe0-28\"><div class=\"kt-block-spacer kt-block-spacer-halign-center\"><hr class=\"kt-divider\"\/><\/div><\/div>\n\n\n\n<figure class=\"wp-block-image size-large\"><a href=\"https:\/\/smaskolan.se\/wp-content\/uploads\/2025\/09\/Uppsagning-fritidshemmet.png\"><img loading=\"lazy\" decoding=\"async\" width=\"1024\" height=\"256\" src=\"https:\/\/smaskolan.se\/wp-content\/uploads\/2025\/09\/Uppsagning-fritidshemmet-1024x256.png\" alt=\"\" class=\"wp-image-3015\" srcset=\"https:\/\/smaskolan.se\/wp-content\/uploads\/2025\/09\/Uppsagning-fritidshemmet-1024x256.png 1024w, https:\/\/smaskolan.se\/wp-content\/uploads\/2025\/09\/Uppsagning-fritidshemmet-300x75.png 300w, https:\/\/smaskolan.se\/wp-content\/uploads\/2025\/09\/Uppsagning-fritidshemmet-768x192.png 768w, https:\/\/smaskolan.se\/wp-content\/uploads\/2025\/09\/Uppsagning-fritidshemmet-1536x384.png 1536w, https:\/\/smaskolan.se\/wp-content\/uploads\/2025\/09\/Uppsagning-fritidshemmet.png 1600w\" sizes=\"auto, (max-width: 1024px) 100vw, 1024px\" \/><\/a><\/figure>\n\n\n\n<div style=\"position:relative; width:100%; height:0; padding-bottom:1500px;\">\n  <iframe src=\"https:\/\/docs.google.com\/forms\/d\/e\/1FAIpQLSeaFvtub5_qaaSPOS4cWsAk3IlD9Qq26xXL1g2SWxbd82TAnQ\/viewform?embedded=true\" \n    style=\"position:absolute; top:0; left:0; width:100%; height:100%; border:none;\" \n    frameborder=\"0\" marginheight=\"0\" marginwidth=\"0\">\n  <\/iframe>\n<\/div>\n\n\n<style>.wp-block-kadence-spacer.kt-block-spacer-2986_da389e-14 .kt-block-spacer{height:60px;}.wp-block-kadence-spacer.kt-block-spacer-2986_da389e-14 .kt-divider{border-top-width:1px;height:1px;border-top-color:#eee;width:80%;border-top-style:solid;}<\/style>\n<div class=\"wp-block-kadence-spacer aligncenter kt-block-spacer-2986_da389e-14\"><div class=\"kt-block-spacer kt-block-spacer-halign-center\"><hr class=\"kt-divider\"\/><\/div><\/div>\n\n\n\n<hr class=\"wp-block-separator has-alpha-channel-opacity\"\/>\n","protected":false},"excerpt":{"rendered":"<p>P\u00e5 denna sida administrerar du din\/er upps\u00e4gning av plats p\u00e5 n\u00e5gon av Sm\u00e5skolan &amp; Eraskolans fritidshemsverksamheter.<\/p>\n","protected":false},"author":1,"featured_media":0,"parent":0,"menu_order":0,"comment_status":"closed","ping_status":"closed","template":"","meta":{"_monsterinsights_skip_tracking":false,"_monsterinsights_sitenote_active":false,"_monsterinsights_sitenote_note":"","_monsterinsights_sitenote_category":0,"_kad_post_transparent":"","_kad_post_title":"","_kad_post_layout":"","_kad_post_sidebar_id":"","_kad_post_content_style":"","_kad_post_vertical_padding":"","_kad_post_feature":"","_kad_post_feature_position":"","_kad_post_header":false,"_kad_post_footer":false,"footnotes":""},"class_list":["post-2986","page","type-page","status-publish","hentry"],"_links":{"self":[{"href":"https:\/\/smaskolan.se\/index.php?rest_route=\/wp\/v2\/pages\/2986","targetHints":{"allow":["GET"]}}],"collection":[{"href":"https:\/\/smaskolan.se\/index.php?rest_route=\/wp\/v2\/pages"}],"about":[{"href":"https:\/\/smaskolan.se\/index.php?rest_route=\/wp\/v2\/types\/page"}],"author":[{"embeddable":true,"href":"https:\/\/smaskolan.se\/index.php?rest_route=\/wp\/v2\/users\/1"}],"replies":[{"embeddable":true,"href":"https:\/\/smaskolan.se\/index.php?rest_route=%2Fwp%2Fv2%2Fcomments&post=2986"}],"version-history":[{"count":8,"href":"https:\/\/smaskolan.se\/index.php?rest_route=\/wp\/v2\/pages\/2986\/revisions"}],"predecessor-version":[{"id":3019,"href":"https:\/\/smaskolan.se\/index.php?rest_route=\/wp\/v2\/pages\/2986\/revisions\/3019"}],"wp:attachment":[{"href":"https:\/\/smaskolan.se\/index.php?rest_route=%2Fwp%2Fv2%2Fmedia&parent=2986"}],"curies":[{"name":"wp","href":"https:\/\/api.w.org\/{rel}","templated":true}]}}