{"id":295,"date":"2010-10-15T14:21:22","date_gmt":"2010-10-15T12:21:22","guid":{"rendered":"https:\/\/smaskolan.se\/?page_id=295"},"modified":"2020-08-28T16:48:53","modified_gmt":"2020-08-28T14:48:53","slug":"fragor-och-svar","status":"publish","type":"page","link":"https:\/\/smaskolan.se\/?page_id=295","title":{"rendered":"Fr\u00e5gor och svar"},"content":{"rendered":"<p>Genom telefonsamtal, e-post och samtal vid m\u00f6ten med intresserade f\u00f6r\u00e4ldrar och andra har vi f\u00e5tt in m\u00e5nga v\u00e4ldigt bra fr\u00e5gor. Nedan f\u00f6ljer ett f\u00f6rs\u00f6k till att ge ytterligare information och besvara dessa fr\u00e5gor. Har du andra fr\u00e5gor s\u00e5 \u00e4r du varmt v\u00e4lkommen att h\u00f6ra av dig med dem! (info@smaskolan.se)<\/p>\n<h5>ANM\u00c4LAN<\/h5>\n<p><strong>Fr\u00e5ga: <\/strong>Hur g\u00e5r anm\u00e4lan till Sm\u00e5skolan till?<br \/>\nSvar: Att v\u00e4lja Sm\u00e5skolan sker i tv\u00e5 steg. Det f\u00f6rsta \u00e4r att skicka in en anm\u00e4lan som du genomf\u00f6r h\u00e4r p\u00e5\u00a0 hemsidan. Efter detta f\u00e5r du ett svar fr\u00e5n oss med en bekr\u00e4ftelse. I januari det \u00e5r Ditt\/Ert barn fyller 6 \u00e5r s\u00e5 skickar Link\u00f6pings kommun ut en inbjudan till val av f\u00f6rskoleklass, via webben. Vid detta val v\u00e4ljer ni Sm\u00e5skolan p\u00e5 kommunens webbplats. (Skulle Du\/Ni missa detta s\u00e5 g\u00e5r det att ordna, men det kr\u00e4ver lite arbete.)<\/p>\n<h5>PEDAGOGISKA FR\u00c5GOR<\/h5>\n<p><strong>Fr\u00e5ga: <\/strong>\u00c4r Sm\u00e5skolan en Waldorfskola?<br \/>\nSvar: Nej, Sm\u00e5skolan \u00e4r en &#8221;alldeles vanlig&#8221; skola. Waldorfskolor har i m\u00e5nga avseenden ett annat syns\u00e4tt p\u00e5 l\u00e4rande och undervisning \u00e4n Sm\u00e5skolan. Sm\u00e5skolan har en modern pedagogik som utg\u00e5ngspunkt, d\u00e4r det rent pedagogisk finns mer kopplingar till traditionell kommunal skola.<\/p>\n<h5>YTTRE F\u00d6RUTS\u00c4TTNINGAR<\/h5>\n<p><strong>Fr\u00e5ga: <\/strong>Skolskjutsar, hur funderar det?<br \/>\nSvar: Skollagen anger att kommunen \u00e4r skyldig att erbjuda skolskjuts f\u00f6r alla elever, oavsett skolhuvudman (s\u00e5som kommunal eller frist\u00e5ende) om det inte medf\u00f6r avsev\u00e4rd kostnads\u00f6kning. Sm\u00e5skolan uttolkar det p\u00e5 f\u00f6ljande s\u00e4tt: Finns det idag skolskjuts i det omr\u00e5de d\u00e4r er familj bor s\u00e5 pekar skollagen tydligt p\u00e5 att det finns m\u00f6jlighet att anordna skolskjuts till Sm\u00e5skolan. Dagens regelverk i Link\u00f6pings kommun talar om att f\u00f6r den som t ex g\u00e5r i f\u00f6rskoleklass s\u00e5 \u00e4r det minsta avst\u00e5ndet f\u00f6r n\u00e5gon att ha r\u00e4tt till skolskjuts 2 km till skolan.<\/p>\n<h5>YTTRE F\u00d6RUTS\u00c4TTNINGAR<\/h5>\n<p><strong>Fr\u00e5ga: <\/strong>\u00a0Var ligger Sm\u00e5skolan?<br \/>\nSvar: Allhelgonagatan 7 i Ljungsbro. V\u00e4ldigt centralt, och v\u00e4ldigt lugnt.<\/p>\n<h5>F\u00d6RSKOLEKLASSEN<\/h5>\n<p><strong>Fr\u00e5ga: <\/strong>Hur ser arbetet i f\u00f6rskoleklass ut?<\/p>\n<p>Svar: Sm\u00e5skolans f\u00f6rskoleklass \u00e4r ett naturlig steg in i skolans v\u00e4rld. H\u00e4r stimuleras varje elevs utveckling och l\u00e4rande och en grund f\u00f6r fortsatt skolg\u00e5ng formas.<br \/>\nH\u00e4r m\u00f6ts arbetsformer fr\u00e5n b\u00e5de f\u00f6rskola och skola;<br \/>\nLek och r\u00f6relse<br \/>\nSkapande verksamhet<br \/>\nRim, ramsor, s\u00e5ng och r\u00f6relse<br \/>\nSpr\u00e5klig medvetenhet<br \/>\nMatematisk medvetenhet<br \/>\nMotorisk utveckling och kroppslig medvetenhet<br \/>\nGruppdynamik<br \/>\nS\u00e4rskilt v\u00e4rdegrundsarbete riktas mot:<br \/>\nAtt se och bli sedd<br \/>\nAtt lyssna och att tala<\/p>\n<p>Samarbete kring teman mellan f\u00f6reskoleklassen och \u00f6vriga elever genomf\u00f6rs varje l\u00e4s\u00e5r.<\/p>\n<h5>URVALSKRITERIER<\/h5>\n<p><strong>Fr\u00e5ga: <\/strong>Hur ser urvalskriterierna ut f\u00f6r Sm\u00e5skolan &amp; Eraskolan?<\/p>\n<p>Svar:\u00a0Sm\u00e5skolan &amp; Eraskolan har f\u00f6ljande, av Skolinspektionen godk\u00e4nda urvalskriterier;<br \/>\n1. Syskonf\u00f6rtur<br \/>\n2. Efter anm\u00e4lningsdatum<\/p>\n<p>Till f\u00f6rskoleklass;<br \/>\nDetta inneb\u00e4r att vi tar in efter anm\u00e4lningsdatum. Detta sker i samarbete med kommunen, n\u00e4r de genomf\u00f6r val f\u00f6r alla v\u00e5rdnadshavare, n\u00e5got som brukar ligga i januari samma \u00e5r som en elev b\u00f6rjar i f\u00f6rskoleklass p\u00e5 h\u00f6sten. Vi rekommenderar dock varmt att man anm\u00e4ler sig till v\u00e5r k\u00f6 s\u00e5 snart som m\u00f6jligt om man har intresse av att ha sitt barn\/sina barn hos oss.<\/p>\n<p>Under skoltiden (f\u00f6rtydligande i enlighet med Skolinspektionens riktlinjer);<br \/>\nF\u00f6r ing\u00e5ngen till s\u00e5v\u00e4l den obligatoriska grundskolan som till forts\u00e4ttningen hos huvudmannen, p\u00e5 Eraskolan, g\u00e4ller att elever som redan finns i huvudmannens verksamhet har f\u00f6rtur.<\/p>\n","protected":false},"excerpt":{"rendered":"<p>Genom telefonsamtal, e-post och samtal vid m\u00f6ten med intresserade f\u00f6r\u00e4ldrar och andra har vi f\u00e5tt in m\u00e5nga v\u00e4ldigt bra fr\u00e5gor. Nedan f\u00f6ljer ett f\u00f6rs\u00f6k till att ge ytterligare information och besvara dessa fr\u00e5gor. Har du andra fr\u00e5gor s\u00e5 \u00e4r du varmt v\u00e4lkommen att h\u00f6ra av dig med dem! (info@smaskolan.se) ANM\u00c4LAN Fr\u00e5ga: Hur g\u00e5r anm\u00e4lan till&#8230;<\/p>\n","protected":false},"author":1,"featured_media":0,"parent":61,"menu_order":8,"comment_status":"closed","ping_status":"closed","template":"","meta":{"_monsterinsights_skip_tracking":false,"_monsterinsights_sitenote_active":false,"_monsterinsights_sitenote_note":"","_monsterinsights_sitenote_category":0,"_kad_post_transparent":"","_kad_post_title":"","_kad_post_layout":"","_kad_post_sidebar_id":"","_kad_post_content_style":"","_kad_post_vertical_padding":"","_kad_post_feature":"","_kad_post_feature_position":"","_kad_post_header":false,"_kad_post_footer":false,"footnotes":""},"class_list":["post-295","page","type-page","status-publish","hentry"],"_links":{"self":[{"href":"https:\/\/smaskolan.se\/index.php?rest_route=\/wp\/v2\/pages\/295","targetHints":{"allow":["GET"]}}],"collection":[{"href":"https:\/\/smaskolan.se\/index.php?rest_route=\/wp\/v2\/pages"}],"about":[{"href":"https:\/\/smaskolan.se\/index.php?rest_route=\/wp\/v2\/types\/page"}],"author":[{"embeddable":true,"href":"https:\/\/smaskolan.se\/index.php?rest_route=\/wp\/v2\/users\/1"}],"replies":[{"embeddable":true,"href":"https:\/\/smaskolan.se\/index.php?rest_route=%2Fwp%2Fv2%2Fcomments&post=295"}],"version-history":[{"count":42,"href":"https:\/\/smaskolan.se\/index.php?rest_route=\/wp\/v2\/pages\/295\/revisions"}],"predecessor-version":[{"id":2337,"href":"https:\/\/smaskolan.se\/index.php?rest_route=\/wp\/v2\/pages\/295\/revisions\/2337"}],"up":[{"embeddable":true,"href":"https:\/\/smaskolan.se\/index.php?rest_route=\/wp\/v2\/pages\/61"}],"wp:attachment":[{"href":"https:\/\/smaskolan.se\/index.php?rest_route=%2Fwp%2Fv2%2Fmedia&parent=295"}],"curies":[{"name":"wp","href":"https:\/\/api.w.org\/{rel}","templated":true}]}}