{"id":2276,"date":"2020-08-27T13:01:41","date_gmt":"2020-08-27T11:01:41","guid":{"rendered":"http:\/\/utveckling.smaskolan.se\/?page_id=2276"},"modified":"2022-08-07T20:24:07","modified_gmt":"2022-08-07T18:24:07","slug":"information-om-datahantering","status":"publish","type":"page","link":"https:\/\/smaskolan.se\/?page_id=2276","title":{"rendered":"Information om datahantering"},"content":{"rendered":"\n<p><em>Sm\u00e5skolan &amp; Eraskolan har en strikt policy att hantera persondatauppgifter med f\u00f6rsiktighet och arbetar aktivt f\u00f6r att minimera m\u00e4ngden personuppgifter i det dagliga arbetet.<\/em> F\u00f6r de persondatauppgifter som lagkrav inneb\u00e4r g\u00e4ller datahantering enligt myndigheternas kravst\u00e4llan. <br>Utgivare f\u00f6r denna webbplats tillika innehavare av utgivarbevis: <br>Sm\u00e5skolan Pedagogik i Sverige AB, rektor Fredrik P\u00e5hlsson.<br><br><em>Personuppgiftsansvarig \u00e4r Sm\u00e5skolan Pedagogik. Du har r\u00e4tt att kontakta oss om du vill ha ytterligare information om de uppgifter Sm\u00e5skolan &amp; Eraskolan lagrar. Detta g\u00f6r du enklast genom att kontakta oss via <a href=\"mailto:info@smaskolan.se\" data-type=\"mailto\" data-id=\"mailto:info@smaskolan.se\">info@smaskolan.se<\/a> eller kontakta v\u00e5r expedition p\u00e5 013-65000<\/em><\/p>\n","protected":false},"excerpt":{"rendered":"<p>Sm\u00e5skolan &amp; Eraskolan har en strikt policy att hantera persondatauppgifter med f\u00f6rsiktighet och arbetar aktivt f\u00f6r att minimera m\u00e4ngden personuppgifter i det dagliga arbetet. F\u00f6r de persondatauppgifter som lagkrav inneb\u00e4r g\u00e4ller datahantering enligt myndigheternas kravst\u00e4llan. Utgivare f\u00f6r denna webbplats tillika innehavare av utgivarbevis: Sm\u00e5skolan Pedagogik i Sverige AB, rektor Fredrik P\u00e5hlsson. Personuppgiftsansvarig \u00e4r Sm\u00e5skolan Pedagogik&#8230;.<\/p>\n","protected":false},"author":1,"featured_media":0,"parent":0,"menu_order":0,"comment_status":"closed","ping_status":"closed","template":"","meta":{"_monsterinsights_skip_tracking":false,"_monsterinsights_sitenote_active":false,"_monsterinsights_sitenote_note":"","_monsterinsights_sitenote_category":0,"_kad_post_transparent":"","_kad_post_title":"","_kad_post_layout":"","_kad_post_sidebar_id":"","_kad_post_content_style":"","_kad_post_vertical_padding":"","_kad_post_feature":"","_kad_post_feature_position":"","_kad_post_header":false,"_kad_post_footer":false,"footnotes":""},"class_list":["post-2276","page","type-page","status-publish","hentry"],"_links":{"self":[{"href":"https:\/\/smaskolan.se\/index.php?rest_route=\/wp\/v2\/pages\/2276","targetHints":{"allow":["GET"]}}],"collection":[{"href":"https:\/\/smaskolan.se\/index.php?rest_route=\/wp\/v2\/pages"}],"about":[{"href":"https:\/\/smaskolan.se\/index.php?rest_route=\/wp\/v2\/types\/page"}],"author":[{"embeddable":true,"href":"https:\/\/smaskolan.se\/index.php?rest_route=\/wp\/v2\/users\/1"}],"replies":[{"embeddable":true,"href":"https:\/\/smaskolan.se\/index.php?rest_route=%2Fwp%2Fv2%2Fcomments&post=2276"}],"version-history":[{"count":2,"href":"https:\/\/smaskolan.se\/index.php?rest_route=\/wp\/v2\/pages\/2276\/revisions"}],"predecessor-version":[{"id":2739,"href":"https:\/\/smaskolan.se\/index.php?rest_route=\/wp\/v2\/pages\/2276\/revisions\/2739"}],"wp:attachment":[{"href":"https:\/\/smaskolan.se\/index.php?rest_route=%2Fwp%2Fv2%2Fmedia&parent=2276"}],"curies":[{"name":"wp","href":"https:\/\/api.w.org\/{rel}","templated":true}]}}