{"id":2271,"date":"2020-08-27T12:00:06","date_gmt":"2020-08-27T10:00:06","guid":{"rendered":"http:\/\/utveckling.smaskolan.se\/?page_id=2271"},"modified":"2022-12-21T09:03:42","modified_gmt":"2022-12-21T08:03:42","slug":"7-viktiga-skolar-valet-till-forskoleklass","status":"publish","type":"page","link":"https:\/\/smaskolan.se\/?page_id=2271","title":{"rendered":"7 viktiga skol\u00e5r &#8211; Valet till f\u00f6rskoleklass"},"content":{"rendered":"\n<figure class=\"wp-block-video\"><video height=\"720\" style=\"aspect-ratio: 1280 \/ 720;\" width=\"1280\" controls src=\"https:\/\/smaskolan.se\/wp-content\/uploads\/2022\/12\/Val-FSK-23.mp4\"><\/video><\/figure>\n\n\n\n<figure class=\"wp-block-pullquote\"><blockquote><p>Det viktigaste skolvalet vi gjort f\u00f6r v\u00e5ra barn. <br>Sm\u00e5skolan ger b\u00e5de trygghet och bra kunskaper.<br>Ett sj\u00e4lvklart val f\u00f6r oss som familj.<\/p><cite>(Engagerad f\u00f6r\u00e4lder)<\/cite><\/blockquote><\/figure>\n\n\n<style>.wp-block-kadence-advancedbtn.kb-btns_116e8a-ef{gap:var(--global-kb-gap-xs, 0.5rem );justify-content:flex-end;align-items:center;}.kt-btns_116e8a-ef .kt-button{font-weight:normal;font-style:normal;}.kt-btns_116e8a-ef .kt-btn-wrap-0{margin-right:5px;}.wp-block-kadence-advancedbtn.kt-btns_116e8a-ef .kt-btn-wrap-0 .kt-button{color:var(--global-palette9, #ffffff);background:#e32b4a;border-color:rgba(85, 85, 85, 0);}.wp-block-kadence-advancedbtn.kt-btns_116e8a-ef .kt-btn-wrap-0 .kt-button:hover, .wp-block-kadence-advancedbtn.kt-btns_116e8a-ef .kt-btn-wrap-0 .kt-button:focus{color:#ffffff;border-color:#a03939;}.wp-block-kadence-advancedbtn.kt-btns_116e8a-ef .kt-btn-wrap-0 .kt-button::before{display:none;}.wp-block-kadence-advancedbtn.kt-btns_116e8a-ef .kt-btn-wrap-0 .kt-button:hover, .wp-block-kadence-advancedbtn.kt-btns_116e8a-ef .kt-btn-wrap-0 .kt-button:focus{background:#a03939;}<\/style>\n<div class=\"wp-block-kadence-advancedbtn kt-btn-align-right kt-btn-tablet-align-inherit kt-btn-mobile-align-inherit kt-btns-wrap kt-btns_116e8a-ef\"><div class=\"kt-btn-wrap kt-btn-wrap-0\"><a class=\"kt-button button kt-btn-0-action kt-btn-size-large kt-btn-style-basic kt-btn-svg-show-always kt-btn-has-text-true kt-btn-has-svg-false\" href=\"#\"><span class=\"kt-btn-inner-text\">Anm\u00e4lan<\/span><\/a><\/div><\/div>\n","protected":false},"excerpt":{"rendered":"<p>Det viktigaste skolvalet vi gjort f\u00f6r v\u00e5ra barn. Sm\u00e5skolan ger b\u00e5de trygghet och bra kunskaper.Ett sj\u00e4lvklart val f\u00f6r oss som familj. (Engagerad f\u00f6r\u00e4lder)<\/p>\n","protected":false},"author":1,"featured_media":0,"parent":0,"menu_order":0,"comment_status":"closed","ping_status":"closed","template":"","meta":{"_monsterinsights_skip_tracking":false,"_monsterinsights_sitenote_active":false,"_monsterinsights_sitenote_note":"","_monsterinsights_sitenote_category":0,"_kad_post_transparent":"","_kad_post_title":"","_kad_post_layout":"","_kad_post_sidebar_id":"","_kad_post_content_style":"","_kad_post_vertical_padding":"","_kad_post_feature":"","_kad_post_feature_position":"","_kad_post_header":false,"_kad_post_footer":false,"footnotes":""},"class_list":["post-2271","page","type-page","status-publish","hentry"],"_links":{"self":[{"href":"https:\/\/smaskolan.se\/index.php?rest_route=\/wp\/v2\/pages\/2271","targetHints":{"allow":["GET"]}}],"collection":[{"href":"https:\/\/smaskolan.se\/index.php?rest_route=\/wp\/v2\/pages"}],"about":[{"href":"https:\/\/smaskolan.se\/index.php?rest_route=\/wp\/v2\/types\/page"}],"author":[{"embeddable":true,"href":"https:\/\/smaskolan.se\/index.php?rest_route=\/wp\/v2\/users\/1"}],"replies":[{"embeddable":true,"href":"https:\/\/smaskolan.se\/index.php?rest_route=%2Fwp%2Fv2%2Fcomments&post=2271"}],"version-history":[{"count":3,"href":"https:\/\/smaskolan.se\/index.php?rest_route=\/wp\/v2\/pages\/2271\/revisions"}],"predecessor-version":[{"id":2771,"href":"https:\/\/smaskolan.se\/index.php?rest_route=\/wp\/v2\/pages\/2271\/revisions\/2771"}],"wp:attachment":[{"href":"https:\/\/smaskolan.se\/index.php?rest_route=%2Fwp%2Fv2%2Fmedia&parent=2271"}],"curies":[{"name":"wp","href":"https:\/\/api.w.org\/{rel}","templated":true}]}}