{"id":1429,"date":"2016-02-02T08:51:11","date_gmt":"2016-02-02T07:51:11","guid":{"rendered":"https:\/\/smaskolan.se\/?page_id=1429"},"modified":"2020-08-29T19:39:40","modified_gmt":"2020-08-29T17:39:40","slug":"skapande-skola","status":"publish","type":"page","link":"https:\/\/smaskolan.se\/?page_id=1429","title":{"rendered":"Skapande skola &#8211; handlingsplan"},"content":{"rendered":"<p>Sm\u00e5skolans handlingsplan f\u00f6r Skapande skola<\/p>\n<p>En skolmusikal p\u00e5 den niv\u00e5 Sm\u00e5skolan arbetar p\u00e5 inneb\u00e4r ett engagemang fr\u00e5n b\u00e5de elever och<br \/>\nl\u00e4rare \u00f6ver tid. Arbetsinsatserna ska spridas \u00f6ver l\u00e4s\u00e5ret, i alla klasser med hj\u00e4lp av<br \/>\nhela kollegiet, \u00e4ven om tyngdpunkten ligger i det skol\u00f6vergripande musikaltemat som l\u00e4ggs in i sista fj\u00e4rdedelen av varje l\u00e4s\u00e5r. Detta g\u00f6r alla elever och l\u00e4rare inkluderade i arbetet och d\u00e4rigenom ocks\u00e5<br \/>\nmedskapare, del i den kreativa processen, i musikalprocessen.<\/p>\n<p>Fr\u00e5n det att arbetet startar inkluderas delar av svensk-, musik- och elevens valundervisningen i alla klasser.<\/p>\n<p>Arbetet avses utv\u00e4rderas i enkel form \u00e5rligen.<\/p>\n","protected":false},"excerpt":{"rendered":"<p>Sm\u00e5skolans handlingsplan f\u00f6r Skapande skola En skolmusikal p\u00e5 den niv\u00e5 Sm\u00e5skolan arbetar p\u00e5 inneb\u00e4r ett engagemang fr\u00e5n b\u00e5de elever och l\u00e4rare \u00f6ver tid. Arbetsinsatserna ska spridas \u00f6ver l\u00e4s\u00e5ret, i alla klasser med hj\u00e4lp av hela kollegiet, \u00e4ven om tyngdpunkten ligger i det skol\u00f6vergripande musikaltemat som l\u00e4ggs in i sista fj\u00e4rdedelen av varje l\u00e4s\u00e5r. Detta g\u00f6r&#8230;<\/p>\n","protected":false},"author":1,"featured_media":0,"parent":1427,"menu_order":0,"comment_status":"closed","ping_status":"closed","template":"","meta":{"_monsterinsights_skip_tracking":false,"_monsterinsights_sitenote_active":false,"_monsterinsights_sitenote_note":"","_monsterinsights_sitenote_category":0,"_kad_post_transparent":"","_kad_post_title":"","_kad_post_layout":"","_kad_post_sidebar_id":"","_kad_post_content_style":"","_kad_post_vertical_padding":"","_kad_post_feature":"","_kad_post_feature_position":"","_kad_post_header":false,"_kad_post_footer":false,"footnotes":""},"class_list":["post-1429","page","type-page","status-publish","hentry"],"_links":{"self":[{"href":"https:\/\/smaskolan.se\/index.php?rest_route=\/wp\/v2\/pages\/1429","targetHints":{"allow":["GET"]}}],"collection":[{"href":"https:\/\/smaskolan.se\/index.php?rest_route=\/wp\/v2\/pages"}],"about":[{"href":"https:\/\/smaskolan.se\/index.php?rest_route=\/wp\/v2\/types\/page"}],"author":[{"embeddable":true,"href":"https:\/\/smaskolan.se\/index.php?rest_route=\/wp\/v2\/users\/1"}],"replies":[{"embeddable":true,"href":"https:\/\/smaskolan.se\/index.php?rest_route=%2Fwp%2Fv2%2Fcomments&post=1429"}],"version-history":[{"count":3,"href":"https:\/\/smaskolan.se\/index.php?rest_route=\/wp\/v2\/pages\/1429\/revisions"}],"predecessor-version":[{"id":2376,"href":"https:\/\/smaskolan.se\/index.php?rest_route=\/wp\/v2\/pages\/1429\/revisions\/2376"}],"up":[{"embeddable":true,"href":"https:\/\/smaskolan.se\/index.php?rest_route=\/wp\/v2\/pages\/1427"}],"wp:attachment":[{"href":"https:\/\/smaskolan.se\/index.php?rest_route=%2Fwp%2Fv2%2Fmedia&parent=1429"}],"curies":[{"name":"wp","href":"https:\/\/api.w.org\/{rel}","templated":true}]}}