{"id":1427,"date":"2016-02-02T08:46:09","date_gmt":"2016-02-02T07:46:09","guid":{"rendered":"https:\/\/smaskolan.se\/?page_id=1427"},"modified":"2022-01-21T12:15:23","modified_gmt":"2022-01-21T11:15:23","slug":"skolmusikalen-skapande-skola","status":"publish","type":"page","link":"https:\/\/smaskolan.se\/?page_id=1427","title":{"rendered":"Skapande skola &#8211; f\u00f6rdjupad kulturupplevelse"},"content":{"rendered":"<p>S\u00e5ngens gemensamma kraft &#8211; upplevelsen i k\u00f6r \u00e4r Sm\u00e5skolan &amp; Eraskolans fokusomr\u00e5de f\u00f6r kommande, utvecklat, kulturarbete p\u00e5 v\u00e5ra skolor. Avsikten \u00e4r att b\u00e5de ge de medverkande eleverna och personalen s\u00e5v\u00e4l som publiken en konsertant kulturupplevelse att minnas.<\/p>\n<p>Att arbeta i k\u00f6rform \u00e4r en arbetsform som ger kulturella upplevelser f\u00f6r varje deltagare. Vinsterna med arbetet \u00e4r dock l\u00e5ngt mycket st\u00f6rre. <em>Att f\u00e5 ses och h\u00f6ras<\/em>, att f\u00e5 st\u00e5 p\u00e5 scenen, ger m\u00e5nga barn en skjuts n\u00e4r det g\u00e4ller sj\u00e4lvk\u00e4nslan. <em>Att se och h\u00f6ra<\/em> &#8211; att arbeta m\u00e5nga tillsammans i ett stort projekt ger ocks\u00e5 eleverna m\u00f6jligheten att &#8221;p\u00e5 riktigt&#8221; tr\u00e4na i att ge andra uppm\u00e4rksamhet och vara del i en stor grupprocess.<\/p>\n<p>Sm\u00e5skolan har gl\u00e4djen att i detta arbete f\u00e5 st\u00f6d fr\u00e5n Statens Kulturr\u00e5d, inom ramen f\u00f6r Skapande skola-satsningen. Genom detta ges Sm\u00e5skolan m\u00f6jlighet att vidareutveckla musikalarbetet i samarbete med olika kulturut\u00f6vare.\u00a0<\/p>\n<p>F\u00f6r mer information:<br \/><a href=\"https:\/\/www.kulturradet.se\/sok-bidrag\/vara-bidrag\/skapande-skola\/\">Skapande skola\/Statens Kulturr\u00e5d<\/a><br \/>Handlingsplan f\u00f6r Skapande skola p\u00e5 Sm\u00e5skolan &amp; Eraskolan finns att rekvirera via skolans exp.<\/p>\n\n\n<p><\/p>\n","protected":false},"excerpt":{"rendered":"<p>S\u00e5ngens gemensamma kraft &#8211; upplevelsen i k\u00f6r \u00e4r Sm\u00e5skolan &amp; Eraskolans fokusomr\u00e5de f\u00f6r kommande, utvecklat, kulturarbete p\u00e5 v\u00e5ra skolor. Avsikten \u00e4r att b\u00e5de ge de medverkande eleverna och personalen s\u00e5v\u00e4l som publiken en konsertant kulturupplevelse att minnas. Att arbeta i k\u00f6rform \u00e4r en arbetsform som ger kulturella upplevelser f\u00f6r varje deltagare. Vinsterna med arbetet \u00e4r&#8230;<\/p>\n","protected":false},"author":1,"featured_media":0,"parent":473,"menu_order":4,"comment_status":"closed","ping_status":"closed","template":"","meta":{"_monsterinsights_skip_tracking":false,"_monsterinsights_sitenote_active":false,"_monsterinsights_sitenote_note":"","_monsterinsights_sitenote_category":0,"_kad_post_transparent":"","_kad_post_title":"","_kad_post_layout":"","_kad_post_sidebar_id":"","_kad_post_content_style":"","_kad_post_vertical_padding":"","_kad_post_feature":"","_kad_post_feature_position":"","_kad_post_header":false,"_kad_post_footer":false,"footnotes":""},"class_list":["post-1427","page","type-page","status-publish","hentry"],"_links":{"self":[{"href":"https:\/\/smaskolan.se\/index.php?rest_route=\/wp\/v2\/pages\/1427","targetHints":{"allow":["GET"]}}],"collection":[{"href":"https:\/\/smaskolan.se\/index.php?rest_route=\/wp\/v2\/pages"}],"about":[{"href":"https:\/\/smaskolan.se\/index.php?rest_route=\/wp\/v2\/types\/page"}],"author":[{"embeddable":true,"href":"https:\/\/smaskolan.se\/index.php?rest_route=\/wp\/v2\/users\/1"}],"replies":[{"embeddable":true,"href":"https:\/\/smaskolan.se\/index.php?rest_route=%2Fwp%2Fv2%2Fcomments&post=1427"}],"version-history":[{"count":8,"href":"https:\/\/smaskolan.se\/index.php?rest_route=\/wp\/v2\/pages\/1427\/revisions"}],"predecessor-version":[{"id":2668,"href":"https:\/\/smaskolan.se\/index.php?rest_route=\/wp\/v2\/pages\/1427\/revisions\/2668"}],"up":[{"embeddable":true,"href":"https:\/\/smaskolan.se\/index.php?rest_route=\/wp\/v2\/pages\/473"}],"wp:attachment":[{"href":"https:\/\/smaskolan.se\/index.php?rest_route=%2Fwp%2Fv2%2Fmedia&parent=1427"}],"curies":[{"name":"wp","href":"https:\/\/api.w.org\/{rel}","templated":true}]}}