{"id":134,"date":"2010-08-17T13:38:54","date_gmt":"2010-08-17T11:38:54","guid":{"rendered":"https:\/\/smaskolan.se\/?page_id=134"},"modified":"2025-09-11T20:06:41","modified_gmt":"2025-09-11T18:06:41","slug":"anmala","status":"publish","type":"page","link":"https:\/\/smaskolan.se\/?page_id=134","title":{"rendered":"Ans\u00f6kan\/Anm\u00e4lan"},"content":{"rendered":"\n<figure class=\"wp-block-image alignwide size-large\"><img loading=\"lazy\" decoding=\"async\" width=\"1024\" height=\"409\" src=\"https:\/\/smaskolan.se\/wp-content\/uploads\/2020\/04\/Glada-elever-p\u00e5-Sm\u00e5skolan-cut-1024x409.jpg\" alt=\"\" class=\"wp-image-2195\" srcset=\"https:\/\/smaskolan.se\/wp-content\/uploads\/2020\/04\/Glada-elever-p\u00e5-Sm\u00e5skolan-cut-1024x409.jpg 1024w, https:\/\/smaskolan.se\/wp-content\/uploads\/2020\/04\/Glada-elever-p\u00e5-Sm\u00e5skolan-cut-300x120.jpg 300w, https:\/\/smaskolan.se\/wp-content\/uploads\/2020\/04\/Glada-elever-p\u00e5-Sm\u00e5skolan-cut-768x307.jpg 768w, https:\/\/smaskolan.se\/wp-content\/uploads\/2020\/04\/Glada-elever-p\u00e5-Sm\u00e5skolan-cut-1536x614.jpg 1536w, https:\/\/smaskolan.se\/wp-content\/uploads\/2020\/04\/Glada-elever-p\u00e5-Sm\u00e5skolan-cut-2048x818.jpg 2048w\" sizes=\"auto, (max-width: 1024px) 100vw, 1024px\" \/><\/figure>\n\n\n\n<p><em>[F\u00f6r dig som vill anm\u00e4la eller s\u00e4ga upp en plats p\u00e5 <strong>fritidshemmen <\/strong>(inkl 46:an) s\u00e5 hittar du det <a href=\"https:\/\/smaskolan.se\/?page_id=139\">h\u00e4r<\/a>.]<\/em><\/p>\n\n\n\n<p>Sm\u00e5skolan erbjuder tillsammans med sin syskonskola Eraskolan \u00e5rskurs F-6. Du kan redan idag anm\u00e4la ditt barn till kommande \u00e5rskullar av f\u00f6rskoleklass.<br>Vi tar emot elever i den ordning anm\u00e4lningarna kommer in till oss. Enda undantaget \u00e4r syskonf\u00f6rtur (f\u00f6r Sm\u00e5skolan &amp; Eraskolan tillsammans). I \u00f6vrigt allts\u00e5 f\u00f6rst till kvarn-principen.<br><br>I m\u00e5n av plats tar vi givetvis g\u00e4rna ocks\u00e5 emot elever i \u00e5rskurs 1-6. \u00c4ven om det inte finns en ledig plats f\u00f6r dagen s\u00e5 tar vi g\u00e4rna emot din anm\u00e4lan. N\u00e4r vi f\u00e5r en ledig plats fungerar det precis som ovan, f\u00f6rst till kvarn-principen (med enda undantaget syskonf\u00f6rtur).<\/p>\n\n\n\n<p><strong>S\u00e5 h\u00e4r g\u00f6r du<\/strong>:<br>Fyll i v\u00e5rt webbformul\u00e4r nedan och tryck &#8221;Skicka\/Submit&#8221;. F\u00e5r du n\u00e5gon form av problem med att skicka in ditt formul\u00e4r s\u00e5 \u00e4r du alltid v\u00e4lkommen att h\u00f6ra av dig. Enklast n\u00e5r du oss via mejl; <a href=\"mailto:info@smaskolan.se\">info@smaskolan.se<\/a> <\/p>\n\n\n<style>.wp-block-kadence-spacer.kt-block-spacer-134_942d9c-46 .kt-block-spacer{height:60px;}.wp-block-kadence-spacer.kt-block-spacer-134_942d9c-46 .kt-divider{border-top-width:1px;height:1px;border-top-color:#eee;width:80%;border-top-style:solid;}<\/style>\n<div class=\"wp-block-kadence-spacer aligncenter kt-block-spacer-134_942d9c-46\"><div class=\"kt-block-spacer kt-block-spacer-halign-center\"><hr class=\"kt-divider\"\/><\/div><\/div>\n\n\n\n<figure class=\"wp-block-image size-large\"><a href=\"https:\/\/smaskolan.se\/wp-content\/uploads\/2025\/09\/Anmalan-till-Smaskolan-och-ERaskolan.png\"><img loading=\"lazy\" decoding=\"async\" width=\"1024\" height=\"256\" src=\"https:\/\/smaskolan.se\/wp-content\/uploads\/2025\/09\/Anmalan-till-Smaskolan-och-ERaskolan-1024x256.png\" alt=\"\" class=\"wp-image-3025\" srcset=\"https:\/\/smaskolan.se\/wp-content\/uploads\/2025\/09\/Anmalan-till-Smaskolan-och-ERaskolan-1024x256.png 1024w, https:\/\/smaskolan.se\/wp-content\/uploads\/2025\/09\/Anmalan-till-Smaskolan-och-ERaskolan-300x75.png 300w, https:\/\/smaskolan.se\/wp-content\/uploads\/2025\/09\/Anmalan-till-Smaskolan-och-ERaskolan-768x192.png 768w, https:\/\/smaskolan.se\/wp-content\/uploads\/2025\/09\/Anmalan-till-Smaskolan-och-ERaskolan-1536x384.png 1536w, https:\/\/smaskolan.se\/wp-content\/uploads\/2025\/09\/Anmalan-till-Smaskolan-och-ERaskolan.png 1600w\" sizes=\"auto, (max-width: 1024px) 100vw, 1024px\" \/><\/a><\/figure>\n\n\n<style>.wp-block-kadence-spacer.kt-block-spacer-134_b45c6b-c9 .kt-block-spacer{height:60px;}.wp-block-kadence-spacer.kt-block-spacer-134_b45c6b-c9 .kt-divider{border-top-width:1px;height:1px;border-top-color:#eee;width:80%;border-top-style:solid;}<\/style>\n<div class=\"wp-block-kadence-spacer aligncenter kt-block-spacer-134_b45c6b-c9\"><div class=\"kt-block-spacer kt-block-spacer-halign-center\"><hr class=\"kt-divider\"\/><\/div><\/div>\n\n\n\n<div style=\"position:relative; width:100%; height:0; padding-bottom:1500px;\">\n  <iframe src=\"https:\/\/docs.google.com\/forms\/d\/e\/1FAIpQLSeoktsbQTWMrRHJmmGwg2J6PIg5kW160nGq7YPg9yZOLSEmuw\/viewform?embedded=true\" \n    style=\"position:absolute; top:0; left:0; width:100%; height:100%; border:none;\" \n    frameborder=\"0\" marginheight=\"0\" marginwidth=\"0\">\n  <\/iframe>\n<\/div>\n\n\n<style>.wp-block-kadence-spacer.kt-block-spacer-134_7bd083-a4 .kt-block-spacer{height:60px;}.wp-block-kadence-spacer.kt-block-spacer-134_7bd083-a4 .kt-divider{border-top-width:1px;height:1px;border-top-color:#eee;width:80%;border-top-style:solid;}<\/style>\n<div class=\"wp-block-kadence-spacer aligncenter kt-block-spacer-134_7bd083-a4\"><div class=\"kt-block-spacer kt-block-spacer-halign-center\"><hr class=\"kt-divider\"\/><\/div><\/div>\n\n\n\n<pre class=\"wp-block-preformatted\"><strong>Hantering av personuppgifter (GDPR):<\/strong><br>N\u00e4r en elev s\u00f6ker till Sm\u00e5skolan och\/eller Eraskolan sparas de personuppgifter som l\u00e4mnas in hos skolhuvudmannen. Syftet med v\u00e5r behandling av personuppgifter \u00e4r att kunna s\u00e4kerst\u00e4lla lagstiftarens krav p\u00e5 varje skolhuvudman. Vi till\u00e4mpar vid var tid g\u00e4llande integritetslagstiftning vid all behandling av personuppgifter. De personuppgifter vi behandlar ligger exempelvis till grund f\u00f6r vidare kommunikation s\u00e5v\u00e4l med den som anm\u00e4lt en elev till Sm\u00e5skolan &amp; Eraskolan som med exempelvis kommunen.<br><br><br>Sm\u00e5skolan &amp; Eraskolan har en strikt policy att hantera persondatauppgifter med f\u00f6rsiktighet och arbetar aktivt f\u00f6r att minimera m\u00e4ngden personuppgifter i det dagliga arbetet.<br>Personuppgiftsansvarig \u00e4r Sm\u00e5skolan Pedagogik. Du har r\u00e4tt att kontakta oss om du vill ha ytterligare information om de uppgifter Sm\u00e5skolan &amp; Eraskolan lagrar. Detta g\u00f6r du enklast genom att kontakta oss via info@smaskolan.se eller kontakta v\u00e5r expedition p\u00e5 013-65000.<\/pre>\n","protected":false},"excerpt":{"rendered":"<p>[F\u00f6r dig som vill anm\u00e4la eller s\u00e4ga upp en plats p\u00e5 fritidshemmen (inkl 46:an) s\u00e5 hittar du det h\u00e4r.] Sm\u00e5skolan erbjuder tillsammans med sin syskonskola Eraskolan \u00e5rskurs F-6. Du kan redan idag anm\u00e4la ditt barn till kommande \u00e5rskullar av f\u00f6rskoleklass.Vi tar emot elever i den ordning anm\u00e4lningarna kommer in till oss. Enda undantaget \u00e4r syskonf\u00f6rtur&#8230;<\/p>\n","protected":false},"author":1,"featured_media":0,"parent":0,"menu_order":4,"comment_status":"closed","ping_status":"closed","template":"","meta":{"_monsterinsights_skip_tracking":false,"_monsterinsights_sitenote_active":false,"_monsterinsights_sitenote_note":"","_monsterinsights_sitenote_category":0,"_kad_post_transparent":"","_kad_post_title":"","_kad_post_layout":"","_kad_post_sidebar_id":"","_kad_post_content_style":"","_kad_post_vertical_padding":"","_kad_post_feature":"","_kad_post_feature_position":"","_kad_post_header":false,"_kad_post_footer":false,"footnotes":""},"class_list":["post-134","page","type-page","status-publish","hentry"],"_links":{"self":[{"href":"https:\/\/smaskolan.se\/index.php?rest_route=\/wp\/v2\/pages\/134","targetHints":{"allow":["GET"]}}],"collection":[{"href":"https:\/\/smaskolan.se\/index.php?rest_route=\/wp\/v2\/pages"}],"about":[{"href":"https:\/\/smaskolan.se\/index.php?rest_route=\/wp\/v2\/types\/page"}],"author":[{"embeddable":true,"href":"https:\/\/smaskolan.se\/index.php?rest_route=\/wp\/v2\/users\/1"}],"replies":[{"embeddable":true,"href":"https:\/\/smaskolan.se\/index.php?rest_route=%2Fwp%2Fv2%2Fcomments&post=134"}],"version-history":[{"count":70,"href":"https:\/\/smaskolan.se\/index.php?rest_route=\/wp\/v2\/pages\/134\/revisions"}],"predecessor-version":[{"id":3028,"href":"https:\/\/smaskolan.se\/index.php?rest_route=\/wp\/v2\/pages\/134\/revisions\/3028"}],"wp:attachment":[{"href":"https:\/\/smaskolan.se\/index.php?rest_route=%2Fwp%2Fv2%2Fmedia&parent=134"}],"curies":[{"name":"wp","href":"https:\/\/api.w.org\/{rel}","templated":true}]}}