{"id":1314,"date":"2015-02-24T08:10:13","date_gmt":"2015-02-24T07:10:13","guid":{"rendered":"https:\/\/smaskolan.se\/?page_id=1314"},"modified":"2024-01-12T17:01:53","modified_gmt":"2024-01-12T16:01:53","slug":"7-goda-skal-till-att-valja-smaskolan","status":"publish","type":"page","link":"https:\/\/smaskolan.se\/?page_id=1314","title":{"rendered":"7 goda sk\u00e4l till att v\u00e4lja Sm\u00e5skolan"},"content":{"rendered":"<p>Att v\u00e4lja skola kan vara en utmaning. Att som f\u00f6r\u00e4lder ha insikt i &#8221;skolutbudet&#8221; kan i det stora hela vara v\u00e4ldigt knepigt, inte minst med tanke p\u00e5 att exempelvis media ger en allt annat \u00e4n \u00e4rlig bild av olika skolalternativ. Sm\u00e5skolan har d\u00e4rf\u00f6r sammanst\u00e4llt en &#8221;7 goda sk\u00e4l&#8221;-lista (i kortformat) f\u00f6r att peka p\u00e5 varf\u00f6r Sm\u00e5skolan \u00e4r ett h\u00f6gattraktivt val.<\/p>\n<p>1. <strong>Sm\u00e5 klasser<\/strong> &#8211; P\u00e5 Sm\u00e5skolan &amp; Eraskolan har vi bara ca 20 elever i en klass och bara en klass i varje \u00e5rskurs (F-6).<\/p>\n<p>2. <strong>H\u00f6g l\u00e4rart\u00e4thet<\/strong> &#8211; Sm\u00e5skolan har en h\u00f6gre l\u00e4rart\u00e4thet. Vuxna med stort kunnande n\u00e4ra barnen ger m\u00f6jlighet att skapa trygghet och goda f\u00f6ruts\u00e4ttningar f\u00f6r l\u00e4rande.<\/p>\n<p>3. <strong>&#8221;Toppskiktet&#8221; i Sverige<\/strong>. Sm\u00e5skolan har upprepat f\u00e5tt utm\u00e4rkelser f\u00f6r framg\u00e5ngsrikt utvecklingsarbete och har lika upprepat f\u00e5tt uppm\u00e4rksamhet f\u00f6r att vara en framg\u00e5ngsrik skola n\u00e4r det g\u00e4ller att f\u00e5 eleverna att klara de m\u00e5l som staten har f\u00f6r de aktuella \u00e5rskurserna. Fler elever klarar mer.<\/p>\n<p>4. Sm\u00e5skolan \u00e4r en <strong>trygg skola<\/strong>, inte bara enligt Skolinspektionen. V\u00e5ra v\u00e4rden i den stora Skolenk\u00e4ten (h\u00f6sten 2019) visar p\u00e5 v\u00e4ldigt fina v\u00e4rden inte minst n\u00e4r det g\u00e4ller studiero och trygghet. &#8221;P\u00e5 v\u00e5r skola finns inte mobbning&#8221;, \u00e4r en elevber\u00e4ttelse som \u00e5terkommer.<\/p>\n<p>5. Fokus p\u00e5 <strong>gedigna skriv-, l\u00e4s- och r\u00e4knekunskaper<\/strong>. P\u00e5 Sm\u00e5skolan \u00e4r skolan viktig, f\u00f6r elever, f\u00f6r\u00e4ldrar och l\u00e4rare. Av f\u00f6r\u00e4ldrar till elever som &#8221;vuxit ur&#8221; v\u00e5r skola och fortsatt i h\u00f6gre \u00e5rskurser p\u00e5 andra skolor s\u00e5 har vi f\u00e5tt \u00e5terkopplat att eleverna varit mycket v\u00e4l f\u00f6rberedda med gedigna kunskaper och f\u00f6rm\u00e5gor.<\/p>\n<p>6. <strong>N\u00e4rhet ger trygghet<\/strong>. P\u00e5 Sm\u00e5skolan k\u00e4nner alla elever all personal och all personal alla elever.<\/p>\n<p>7. <strong>En skola med driv<\/strong> med n\u00e4ra koppling till den senaste forskningen om skola. Ett n\u00e4ra samarbete med exempelvis Link\u00f6pings Universitet i flera forskningsprojekt ger utveckling till gagn f\u00f6r v\u00e5ra elevers kunskapsutveckling.<\/p>\n<p>&#8221;<em>P\u00e5 Sm\u00e5skolan vill vi leda v\u00e5ra elever fram\u00e5t. Hos oss m\u00e5nar vi om att skola ska vara skola, med en positiv l\u00e4ratmosf\u00e4r, och det ger goda resultat. Ingen skola \u00e4r perfekt. Vi har m\u00e5nga saker att utveckla vidare. Men hittills har vi lyckats v\u00e4l.<\/em>&#8221; s\u00e4ger rektor Fredrik.<\/p>\n<p>Vill du\/ni ha mer information? Tveka inte att kontakta Sm\u00e5skolan, vi hj\u00e4lper mer \u00e4n g\u00e4rna till med ytterligare information. F\u00f6rutom bes\u00f6k f\u00f6r att se hur vi har det s\u00e5 kan vi ocks\u00e5 erbjuda ett st\u00f6rre antal f\u00f6r\u00e4ldrar till elever som g\u00e5r p\u00e5 skolan som mer \u00e4n g\u00e4rna ber\u00e4ttar om hur det \u00e4r att ha sina barn p\u00e5 Sm\u00e5skolan. info@smaskolan.se eller 013-65 000.<\/p>\n<p>Sm\u00e5skolan \u00e4r startad av, \u00e4gs och drivs av l\u00e4rarna Jessica och Fredrik P\u00e5hlsson och drivs helt utan vinstintresse. M\u00e5ls\u00e4ttningen \u00e4r att Sm\u00e5skolan ska vara en bra skola. P\u00e5 riktigt.<\/p>\n\n<style>.wp-block-kadence-advancedbtn.kb-btns1314_9298c6-4a{gap:var(--global-kb-gap-xs, 0.5rem );justify-content:flex-end;align-items:center;}.kt-btns1314_9298c6-4a .kt-button{font-weight:normal;font-style:normal;}<\/style>\n<div class=\"wp-block-kadence-advancedbtn kb-buttons-wrap kb-btns1314_9298c6-4a\"><style>.wp-block-kadence-advancedbtn .kb-btn1314_4aaeac-32.kb-button{color:var(--global-palette9, #ffffff);background:#e32b4a;border-top-color:#555555;border-top-style:solid;border-right-color:#555555;border-right-style:solid;border-bottom-color:#555555;border-bottom-style:solid;border-left-color:#555555;border-left-style:solid;}.wp-block-kadence-advancedbtn .kb-btn1314_4aaeac-32.kb-button:hover, .wp-block-kadence-advancedbtn .kb-btn1314_4aaeac-32.kb-button:focus{color:#ffffff;background:#444444;border-top-color:#444444;border-top-style:solid;border-right-color:#444444;border-right-style:solid;border-bottom-color:#444444;border-bottom-style:solid;border-left-color:#444444;border-left-style:solid;}@media all and (max-width: 1024px){.wp-block-kadence-advancedbtn .kb-btn1314_4aaeac-32.kb-button{border-top-color:#555555;border-top-style:solid;border-right-color:#555555;border-right-style:solid;border-bottom-color:#555555;border-bottom-style:solid;border-left-color:#555555;border-left-style:solid;}}@media all and (max-width: 1024px){.wp-block-kadence-advancedbtn .kb-btn1314_4aaeac-32.kb-button:hover, .wp-block-kadence-advancedbtn .kb-btn1314_4aaeac-32.kb-button:focus{border-top-color:#444444;border-top-style:solid;border-right-color:#444444;border-right-style:solid;border-bottom-color:#444444;border-bottom-style:solid;border-left-color:#444444;border-left-style:solid;}}@media all and (max-width: 767px){.wp-block-kadence-advancedbtn .kb-btn1314_4aaeac-32.kb-button{border-top-color:#555555;border-top-style:solid;border-right-color:#555555;border-right-style:solid;border-bottom-color:#555555;border-bottom-style:solid;border-left-color:#555555;border-left-style:solid;}.wp-block-kadence-advancedbtn .kb-btn1314_4aaeac-32.kb-button:hover, .wp-block-kadence-advancedbtn .kb-btn1314_4aaeac-32.kb-button:focus{border-top-color:#444444;border-top-style:solid;border-right-color:#444444;border-right-style:solid;border-bottom-color:#444444;border-bottom-style:solid;border-left-color:#444444;border-left-style:solid;}}<\/style><a class=\"kb-button kt-button button kb-btn1314_4aaeac-32 kt-btn-size-standard kt-btn-width-type-fixed kb-btn-global-outline kt-btn-has-text-true kt-btn-has-svg-false  wp-block-kadence-singlebtn\" href=\"https:\/\/smaskolan.se\/?page_id=134\"><span class=\"kt-btn-inner-text\">Anm\u00e4l er h\u00e4r!<\/span><\/a><\/div>\n","protected":false},"excerpt":{"rendered":"<p>Att v\u00e4lja skola kan vara en utmaning. Att som f\u00f6r\u00e4lder ha insikt i &#8221;skolutbudet&#8221; kan i det stora hela vara v\u00e4ldigt knepigt, inte minst med tanke p\u00e5 att exempelvis media ger en allt annat \u00e4n \u00e4rlig bild av olika skolalternativ. Sm\u00e5skolan har d\u00e4rf\u00f6r sammanst\u00e4llt en &#8221;7 goda sk\u00e4l&#8221;-lista (i kortformat) f\u00f6r att peka p\u00e5 varf\u00f6r&#8230;<\/p>\n","protected":false},"author":1,"featured_media":0,"parent":61,"menu_order":100,"comment_status":"closed","ping_status":"closed","template":"","meta":{"_monsterinsights_skip_tracking":false,"_monsterinsights_sitenote_active":false,"_monsterinsights_sitenote_note":"","_monsterinsights_sitenote_category":0,"_kad_post_transparent":"","_kad_post_title":"","_kad_post_layout":"","_kad_post_sidebar_id":"","_kad_post_content_style":"","_kad_post_vertical_padding":"","_kad_post_feature":"","_kad_post_feature_position":"","_kad_post_header":false,"_kad_post_footer":false,"footnotes":""},"class_list":["post-1314","page","type-page","status-publish","hentry"],"_links":{"self":[{"href":"https:\/\/smaskolan.se\/index.php?rest_route=\/wp\/v2\/pages\/1314","targetHints":{"allow":["GET"]}}],"collection":[{"href":"https:\/\/smaskolan.se\/index.php?rest_route=\/wp\/v2\/pages"}],"about":[{"href":"https:\/\/smaskolan.se\/index.php?rest_route=\/wp\/v2\/types\/page"}],"author":[{"embeddable":true,"href":"https:\/\/smaskolan.se\/index.php?rest_route=\/wp\/v2\/users\/1"}],"replies":[{"embeddable":true,"href":"https:\/\/smaskolan.se\/index.php?rest_route=%2Fwp%2Fv2%2Fcomments&post=1314"}],"version-history":[{"count":20,"href":"https:\/\/smaskolan.se\/index.php?rest_route=\/wp\/v2\/pages\/1314\/revisions"}],"predecessor-version":[{"id":2858,"href":"https:\/\/smaskolan.se\/index.php?rest_route=\/wp\/v2\/pages\/1314\/revisions\/2858"}],"up":[{"embeddable":true,"href":"https:\/\/smaskolan.se\/index.php?rest_route=\/wp\/v2\/pages\/61"}],"wp:attachment":[{"href":"https:\/\/smaskolan.se\/index.php?rest_route=%2Fwp%2Fv2%2Fmedia&parent=1314"}],"curies":[{"name":"wp","href":"https:\/\/api.w.org\/{rel}","templated":true}]}}