{"id":107,"date":"2010-06-01T17:57:15","date_gmt":"2010-06-01T15:57:15","guid":{"rendered":"https:\/\/smaskolan.se\/?page_id=107"},"modified":"2020-08-29T19:35:13","modified_gmt":"2020-08-29T17:35:13","slug":"profileringar","status":"publish","type":"page","link":"https:\/\/smaskolan.se\/?page_id=107","title":{"rendered":"Profileringar"},"content":{"rendered":"<p>Sm\u00e5skolans undervisning har tv\u00e5 speciella omr\u00e5den som vi lyfter fram.<\/p>\n<p>Vi ser dem som profileringar och inte som profiler, vilket vi menar inte ger en lika h\u00e5rd styrning av inneh\u00e5llet. St\u00f6rre m\u00f6jligheter f\u00f6r Sm\u00e5skolans l\u00e4rare att vara flexibla och individualisera undervisningen helt enkelt.<br \/>\nF\u00f6rutom v\u00e5rt fokus p\u00e5 de grundl\u00e4ggande f\u00e4rdigheterna l\u00e4sa, r\u00e4kna och skriva finns musik och utomhuspedagogik v\u00e4lrepresenterat p\u00e5 v\u00e5r skola.<\/p>\n<p><strong>Musik<\/strong><br \/>\n&#8221;I alla tider&#8221; har l\u00e4rare f\u00f6r de yngre \u00e5ldrarna vetat om att till exempel ramsor och s\u00e5nger \u00e4r en utm\u00e4rkt v\u00e4g f\u00f6r att bef\u00e4sta s\u00e5 kallad automatiserad kunskap, det vill s\u00e4ga kunskap &#8221;som bara ska finnas d\u00e4r&#8221;. P\u00e5 senare \u00e5r har omr\u00e5det ocks\u00e5 beforskats och bekr\u00e4ftat detta. Inom ramen f\u00f6r v\u00e5r musikprofilering finns s\u00e5v\u00e4l aktiviteter i det vanliga veckoschemat, som skolk\u00f6r och \u00e5rsh\u00f6jdpunkter som den stora skolmusikalen med riktig orkester.<\/p>\n<p><strong>Utomhuspedagogik<\/strong><br \/>\nBeh\u00f6ver allt l\u00e4rande ske i klassrummet? S\u00e5 klart inte. Vi menar att &#8221;uterummet&#8221; l\u00e4nge varit allt f\u00f6r lite brukat i svensk skola. F\u00f6rutom den friska luften s\u00e5 har yngre elever ofta en hel del spring i benen. I Sm\u00e5skolan tar vi fasta p\u00e5 detta. T\u00e4nk att f\u00e5 ha matematik ute och samtidigt r\u00f6ra p\u00e5 sig. B\u00e5de knoppen och kroppen m\u00e5r bra. L\u00e5ter det flummigt? Vi f\u00f6rs\u00e4krar att med kvalificerat pedagogiskt ledarskap \u00e4r till och med spring p\u00e5 mattelektionerna en tillg\u00e5ng f\u00f6r l\u00e4randet. Fortfarande os\u00e4ker? Kontakta oss s\u00e5 visar vi g\u00e4rna hur det g\u00e5r till i verkligheten (info@smaskolan.se).<\/p>\n<p>V\u00e5ra \u00e4ldre elever p\u00e5 Eraskolan beh\u00e5ller musik-m\u00f6jligheterna och kompletterar med extra m\u00f6jligheter i engelska\/internationella kontakter.<\/p>\n","protected":false},"excerpt":{"rendered":"<p>Sm\u00e5skolans undervisning har tv\u00e5 speciella omr\u00e5den som vi lyfter fram. Vi ser dem som profileringar och inte som profiler, vilket vi menar inte ger en lika h\u00e5rd styrning av inneh\u00e5llet. St\u00f6rre m\u00f6jligheter f\u00f6r Sm\u00e5skolans l\u00e4rare att vara flexibla och individualisera undervisningen helt enkelt. F\u00f6rutom v\u00e5rt fokus p\u00e5 de grundl\u00e4ggande f\u00e4rdigheterna l\u00e4sa, r\u00e4kna och skriva finns&#8230;<\/p>\n","protected":false},"author":1,"featured_media":0,"parent":61,"menu_order":5,"comment_status":"closed","ping_status":"closed","template":"","meta":{"_monsterinsights_skip_tracking":false,"_monsterinsights_sitenote_active":false,"_monsterinsights_sitenote_note":"","_monsterinsights_sitenote_category":0,"_kad_post_transparent":"","_kad_post_title":"","_kad_post_layout":"","_kad_post_sidebar_id":"","_kad_post_content_style":"","_kad_post_vertical_padding":"","_kad_post_feature":"","_kad_post_feature_position":"","_kad_post_header":false,"_kad_post_footer":false,"footnotes":""},"class_list":["post-107","page","type-page","status-publish","hentry"],"_links":{"self":[{"href":"https:\/\/smaskolan.se\/index.php?rest_route=\/wp\/v2\/pages\/107","targetHints":{"allow":["GET"]}}],"collection":[{"href":"https:\/\/smaskolan.se\/index.php?rest_route=\/wp\/v2\/pages"}],"about":[{"href":"https:\/\/smaskolan.se\/index.php?rest_route=\/wp\/v2\/types\/page"}],"author":[{"embeddable":true,"href":"https:\/\/smaskolan.se\/index.php?rest_route=\/wp\/v2\/users\/1"}],"replies":[{"embeddable":true,"href":"https:\/\/smaskolan.se\/index.php?rest_route=%2Fwp%2Fv2%2Fcomments&post=107"}],"version-history":[{"count":21,"href":"https:\/\/smaskolan.se\/index.php?rest_route=\/wp\/v2\/pages\/107\/revisions"}],"predecessor-version":[{"id":2374,"href":"https:\/\/smaskolan.se\/index.php?rest_route=\/wp\/v2\/pages\/107\/revisions\/2374"}],"up":[{"embeddable":true,"href":"https:\/\/smaskolan.se\/index.php?rest_route=\/wp\/v2\/pages\/61"}],"wp:attachment":[{"href":"https:\/\/smaskolan.se\/index.php?rest_route=%2Fwp%2Fv2%2Fmedia&parent=107"}],"curies":[{"name":"wp","href":"https:\/\/api.w.org\/{rel}","templated":true}]}}